{"id":8700,"date":"2026-02-16T21:00:16","date_gmt":"2026-02-16T19:00:16","guid":{"rendered":"https:\/\/techbiz.global\/?page_id=8700"},"modified":"2026-02-19T00:18:43","modified_gmt":"2026-02-18T22:18:43","slug":"cloud-services","status":"publish","type":"page","link":"https:\/\/techbiz.global\/de\/cloud-services\/","title":{"rendered":"Cloud Services"},"content":{"rendered":"<div data-elementor-type=\"wp-page\" data-elementor-id=\"8700\" class=\"elementor elementor-8700\" data-elementor-post-type=\"page\">\n\t\t\t\t<div class=\"elementor-element elementor-element-ae265f2 e-flex e-con-boxed e-con e-parent\" data-id=\"ae265f2\" data-element_type=\"container\" data-e-type=\"container\">\n\t\t\t\t\t<div class=\"e-con-inner\">\n\t\t<div class=\"elementor-element elementor-element-ada0c8e e-con-full e-flex e-con e-child\" data-id=\"ada0c8e\" data-element_type=\"container\" data-e-type=\"container\">\n\t\t\t\t<div class=\"elementor-element elementor-element-91e662a elementor-widget elementor-widget-text-editor\" data-id=\"91e662a\" data-element_type=\"widget\" data-e-type=\"widget\" data-widget_type=\"text-editor.default\">\n\t\t\t\t<div class=\"elementor-widget-container\">\n\t\t\t\t\t\t\t\t\t<p>Sichere, skalierbare Cloud-L\u00f6sungen f\u00fcr Ihr Business!<\/p>\t\t\t\t\t\t\t\t<\/div>\n\t\t\t\t<\/div>\n\t\t\t\t<div class=\"elementor-element elementor-element-7e692e4 elementor-widget elementor-widget-heading\" data-id=\"7e692e4\" data-element_type=\"widget\" data-e-type=\"widget\" data-widget_type=\"heading.default\">\n\t\t\t\t<div class=\"elementor-widget-container\">\n\t\t\t\t\t<h1 class=\"elementor-heading-title elementor-size-default\">Cloud<\/br>\nLeistungen<\/h1>\t\t\t\t<\/div>\n\t\t\t\t<\/div>\n\t\t\t\t<div class=\"elementor-element elementor-element-e26ba01 elementor-widget elementor-widget-text-editor\" data-id=\"e26ba01\" data-element_type=\"widget\" data-e-type=\"widget\" data-widget_type=\"text-editor.default\">\n\t\t\t\t<div class=\"elementor-widget-container\">\n\t\t\t\t\t\t\t\t\t<p>M\u00f6chten Sie in die Cloud migrieren oder Ihre bestehende Infrastruktur optimieren?\n Wir entwerfen, implementieren und verwalten sichere, skalierbare Cloud-L\u00f6sungen, die auf Ihre Gesch\u00e4ftsanforderungen zugeschnitten sind.\n Unser Ansatz sorgt f\u00fcr Effizienz, Flexibilit\u00e4t und Zuverl\u00e4ssigkeit \u2013 bei gleichzeitiger Kosten- und Komplexit\u00e4tsreduktion.<\/p>\t\t\t\t\t\t\t\t<\/div>\n\t\t\t\t<\/div>\n\t\t\t\t<div class=\"elementor-element elementor-element-6295e3f elementor-widget elementor-widget-button\" data-id=\"6295e3f\" data-element_type=\"widget\" data-e-type=\"widget\" data-widget_type=\"button.default\">\n\t\t\t\t<div class=\"elementor-widget-container\">\n\t\t\t\t\t\t\t\t\t<div class=\"elementor-button-wrapper\">\n\t\t\t\t\t<a class=\"elementor-button elementor-button-link elementor-size-sm\" href=\"https:\/\/techbiz.global\/de\/customer-contact-form\/\">\n\t\t\t\t\t\t<span class=\"elementor-button-content-wrapper\">\n\t\t\t\t\t\t\t\t\t<span class=\"elementor-button-text\">Buchen Sie einen Anruf<\/span>\n\t\t\t\t\t<\/span>\n\t\t\t\t\t<\/a>\n\t\t\t\t<\/div>\n\t\t\t\t\t\t\t\t<\/div>\n\t\t\t\t<\/div>\n\t\t\t\t<\/div>\n\t\t<div class=\"elementor-element elementor-element-03f5470 e-con-full e-flex e-con e-child\" data-id=\"03f5470\" data-element_type=\"container\" data-e-type=\"container\">\n\t\t\t\t<div class=\"elementor-element elementor-element-48b332d elementor-widget elementor-widget-image\" data-id=\"48b332d\" data-element_type=\"widget\" data-e-type=\"widget\" data-widget_type=\"image.default\">\n\t\t\t\t<div class=\"elementor-widget-container\">\n\t\t\t\t\t\t\t\t\t\t\t\t\t\t\t<img fetchpriority=\"high\" decoding=\"async\" width=\"640\" height=\"504\" src=\"https:\/\/techbiz.global\/wp-content\/uploads\/2026\/02\/Tech_Recruitment_Face.svg-fill-7.png\" class=\"attachment-full size-full wp-image-8703\" alt=\"\" srcset=\"https:\/\/techbiz.global\/wp-content\/uploads\/2026\/02\/Tech_Recruitment_Face.svg-fill-7.png 640w, https:\/\/techbiz.global\/wp-content\/uploads\/2026\/02\/Tech_Recruitment_Face.svg-fill-7-300x236.png 300w, https:\/\/techbiz.global\/wp-content\/uploads\/2026\/02\/Tech_Recruitment_Face.svg-fill-7-15x12.png 15w\" sizes=\"(max-width: 640px) 100vw, 640px\" \/>\t\t\t\t\t\t\t\t\t\t\t\t\t\t\t<\/div>\n\t\t\t\t<\/div>\n\t\t\t\t<\/div>\n\t\t\t\t\t<\/div>\n\t\t\t\t<\/div>\n\t\t<div class=\"elementor-element elementor-element-2e897ed e-flex e-con-boxed e-con e-parent\" data-id=\"2e897ed\" data-element_type=\"container\" data-e-type=\"container\">\n\t\t\t\t\t<div class=\"e-con-inner\">\n\t\t<div class=\"elementor-element elementor-element-6927b9f e-con-full e-flex e-con e-child\" data-id=\"6927b9f\" data-element_type=\"container\" data-e-type=\"container\" data-settings=\"{&quot;background_background&quot;:&quot;classic&quot;}\">\n\t\t\t\t<div class=\"elementor-element elementor-element-a4db788 elementor-widget__width-initial elementor-widget elementor-widget-heading\" data-id=\"a4db788\" data-element_type=\"widget\" data-e-type=\"widget\" data-widget_type=\"heading.default\">\n\t\t\t\t<div class=\"elementor-widget-container\">\n\t\t\t\t\t<h2 class=\"elementor-heading-title elementor-size-default\">Vorteile der Cloud-Services<\/h2>\t\t\t\t<\/div>\n\t\t\t\t<\/div>\n\t\t\t\t<div class=\"elementor-element elementor-element-991523b elementor-icon-list--layout-traditional elementor-list-item-link-full_width elementor-widget elementor-widget-icon-list\" data-id=\"991523b\" data-element_type=\"widget\" data-e-type=\"widget\" data-widget_type=\"icon-list.default\">\n\t\t\t\t<div class=\"elementor-widget-container\">\n\t\t\t\t\t\t\t<ul class=\"elementor-icon-list-items\">\n\t\t\t\t\t\t\t<li class=\"elementor-icon-list-item\">\n\t\t\t\t\t\t\t\t\t\t\t<span class=\"elementor-icon-list-icon\">\n\t\t\t\t\t\t\t<svg xmlns=\"http:\/\/www.w3.org\/2000\/svg\" width=\"9\" height=\"12\" viewbox=\"0 0 9 12\" fill=\"none\"><path d=\"M8.48528 5.65685L2.82842 11.3137L0 8.48528L2.82842 5.65685L0 2.82843L2.82842 0L8.48528 5.65685Z\" fill=\"#FF7900\"><\/path><\/svg>\t\t\t\t\t\t<\/span>\n\t\t\t\t\t\t\t\t\t\t<span class=\"elementor-icon-list-text\">Sichere, skalierbare und vollst\u00e4ndig verwaltete Cloud-Umgebungen.<\/span>\n\t\t\t\t\t\t\t\t\t<\/li>\n\t\t\t\t\t\t\t\t<li class=\"elementor-icon-list-item\">\n\t\t\t\t\t\t\t\t\t\t\t<span class=\"elementor-icon-list-icon\">\n\t\t\t\t\t\t\t<svg xmlns=\"http:\/\/www.w3.org\/2000\/svg\" width=\"9\" height=\"12\" viewbox=\"0 0 9 12\" fill=\"none\"><path d=\"M8.48528 5.65685L2.82842 11.3137L0 8.48528L2.82842 5.65685L0 2.82843L2.82842 0L8.48528 5.65685Z\" fill=\"#FF7900\"><\/path><\/svg>\t\t\t\t\t\t<\/span>\n\t\t\t\t\t\t\t\t\t\t<span class=\"elementor-icon-list-text\">Nahtlose Migration bei minimalen Betriebsunterbrechungen.<\/span>\n\t\t\t\t\t\t\t\t\t<\/li>\n\t\t\t\t\t\t\t\t<li class=\"elementor-icon-list-item\">\n\t\t\t\t\t\t\t\t\t\t\t<span class=\"elementor-icon-list-icon\">\n\t\t\t\t\t\t\t<svg xmlns=\"http:\/\/www.w3.org\/2000\/svg\" width=\"9\" height=\"12\" viewbox=\"0 0 9 12\" fill=\"none\"><path d=\"M8.48528 5.65685L2.82842 11.3137L0 8.48528L2.82842 5.65685L0 2.82843L2.82842 0L8.48528 5.65685Z\" fill=\"#FF7900\"><\/path><\/svg>\t\t\t\t\t\t<\/span>\n\t\t\t\t\t\t\t\t\t\t<span class=\"elementor-icon-list-text\">Kontinuierliches Monitoring, Optimierung und technischer Support.<\/span>\n\t\t\t\t\t\t\t\t\t<\/li>\n\t\t\t\t\t\t\t\t<li class=\"elementor-icon-list-item\">\n\t\t\t\t\t\t\t\t\t\t\t<span class=\"elementor-icon-list-icon\">\n\t\t\t\t\t\t\t<svg xmlns=\"http:\/\/www.w3.org\/2000\/svg\" width=\"9\" height=\"12\" viewbox=\"0 0 9 12\" fill=\"none\"><path d=\"M8.48528 5.65685L2.82842 11.3137L0 8.48528L2.82842 5.65685L0 2.82843L2.82842 0L8.48528 5.65685Z\" fill=\"#FF7900\"><\/path><\/svg>\t\t\t\t\t\t<\/span>\n\t\t\t\t\t\t\t\t\t\t<span class=\"elementor-icon-list-text\">Reduzierte IT-Kosten und erh\u00f6hte Systemzuverl\u00e4ssigkeit.<\/span>\n\t\t\t\t\t\t\t\t\t<\/li>\n\t\t\t\t\t\t\t\t<li class=\"elementor-icon-list-item\">\n\t\t\t\t\t\t\t\t\t\t\t<span class=\"elementor-icon-list-icon\">\n\t\t\t\t\t\t\t<svg xmlns=\"http:\/\/www.w3.org\/2000\/svg\" width=\"9\" height=\"12\" viewbox=\"0 0 9 12\" fill=\"none\"><path d=\"M8.48528 5.65685L2.82842 11.3137L0 8.48528L2.82842 5.65685L0 2.82843L2.82842 0L8.48528 5.65685Z\" fill=\"#FF7900\"><\/path><\/svg>\t\t\t\t\t\t<\/span>\n\t\t\t\t\t\t\t\t\t\t<span class=\"elementor-icon-list-text\">Ma\u00dfgeschneiderte Cloud-L\u00f6sungen f\u00fcr Flexibilit\u00e4t, Leistung und Wachstum.<\/span>\n\t\t\t\t\t\t\t\t\t<\/li>\n\t\t\t\t\t\t<\/ul>\n\t\t\t\t\t\t<\/div>\n\t\t\t\t<\/div>\n\t\t\t\t<\/div>\n\t\t\t\t\t<\/div>\n\t\t\t\t<\/div>\n\t\t<div class=\"elementor-element elementor-element-96e9261 e-flex e-con-boxed e-con e-parent\" data-id=\"96e9261\" data-element_type=\"container\" data-e-type=\"container\">\n\t\t\t\t\t<div class=\"e-con-inner\">\n\t\t<div class=\"elementor-element elementor-element-38cd8cd e-con-full e-flex e-con e-child\" data-id=\"38cd8cd\" data-element_type=\"container\" data-e-type=\"container\">\n\t\t\t\t<div class=\"elementor-element elementor-element-f109565 elementor-widget elementor-widget-text-editor\" data-id=\"f109565\" data-element_type=\"widget\" data-e-type=\"widget\" data-widget_type=\"text-editor.default\">\n\t\t\t\t<div class=\"elementor-widget-container\">\n\t\t\t\t\t\t\t\t\tKontaktieren Sie uns\t\t\t\t\t\t\t\t<\/div>\n\t\t\t\t<\/div>\n\t\t\t\t<div class=\"elementor-element elementor-element-b9a9920 elementor-widget elementor-widget-text-editor\" data-id=\"b9a9920\" data-element_type=\"widget\" data-e-type=\"widget\" data-widget_type=\"text-editor.default\">\n\t\t\t\t<div class=\"elementor-widget-container\">\n\t\t\t\t\t\t\t\t\tLassen Sie uns Ihr Projekt besprechen!\t\t\t\t\t\t\t\t<\/div>\n\t\t\t\t<\/div>\n\t\t\t\t<div class=\"elementor-element elementor-element-b594b61 elementor-widget__width-initial elementor-widget elementor-widget-text-editor\" data-id=\"b594b61\" data-element_type=\"widget\" data-e-type=\"widget\" data-widget_type=\"text-editor.default\">\n\t\t\t\t<div class=\"elementor-widget-container\">\n\t\t\t\t\t\t\t\t\tSie haben eine vielversprechende Idee und suchen einen kompetenten Partner, der Ihnen bei der Realisierung hilft? Wir stehen Ihnen zur Seite, um Ihre Visionen erfolgreich umzusetzen.\t\t\t\t\t\t\t\t<\/div>\n\t\t\t\t<\/div>\n\t\t\t\t<div class=\"elementor-element elementor-element-c984039 elementor-align-center BookCallButton elementor-widget elementor-widget-button\" data-id=\"c984039\" data-element_type=\"widget\" data-e-type=\"widget\" data-widget_type=\"button.default\">\n\t\t\t\t<div class=\"elementor-widget-container\">\n\t\t\t\t\t\t\t\t\t<div class=\"elementor-button-wrapper\">\n\t\t\t\t\t<a class=\"elementor-button elementor-button-link elementor-size-sm\" href=\"#elementor-action%3Aaction%3Dpopup%3Aopen%26settings%3DeyJpZCI6IjMwMDAiLCJ0b2dnbGUiOmZhbHNlfQ%3D%3D\">\n\t\t\t\t\t\t<span class=\"elementor-button-content-wrapper\">\n\t\t\t\t\t\t\t\t\t<span class=\"elementor-button-text\">Jetzt Anruf buchen<\/span>\n\t\t\t\t\t<\/span>\n\t\t\t\t\t<\/a>\n\t\t\t\t<\/div>\n\t\t\t\t\t\t\t\t<\/div>\n\t\t\t\t<\/div>\n\t\t\t\t<\/div>\n\t\t\t\t\t<\/div>\n\t\t\t\t<\/div>\n\t\t\t\t<\/div>","protected":false},"excerpt":{"rendered":"<p>Elevate your business with secure and scalable cloud solutions! Cloud Services Looking to migrate to the cloud or optimize your current infrastructure? We design, implement, and manage secure, scalable cloud solutions tailored to your business needs. Our approach ensures efficiency, flexibility, and reliability while reducing costs and complexity. Book a Call Benefits of the Cloud [&hellip;]<\/p>\n","protected":false},"author":14,"featured_media":0,"parent":0,"menu_order":0,"comment_status":"closed","ping_status":"closed","template":"elementor_header_footer","meta":{"_acf_changed":false,"nf_dc_page":"","content-type":"","footnotes":""},"class_list":["post-8700","page","type-page","status-publish","hentry"],"acf":[],"yoast_head":"<!-- This site is optimized with the Yoast SEO plugin v27.4 - https:\/\/yoast.com\/product\/yoast-seo-wordpress\/ -->\n<title>Cloud Services - TechBiz Global<\/title>\n<meta name=\"robots\" content=\"index, follow, max-snippet:-1, max-image-preview:large, max-video-preview:-1\" \/>\n<link rel=\"canonical\" href=\"https:\/\/techbiz.global\/de\/cloud-services\/\" \/>\n<meta property=\"og:locale\" content=\"de_DE\" \/>\n<meta property=\"og:type\" content=\"article\" \/>\n<meta property=\"og:title\" content=\"Cloud Services - TechBiz Global\" \/>\n<meta property=\"og:description\" content=\"Elevate your business with secure and scalable cloud solutions! Cloud Services Looking to migrate to the cloud or optimize your current infrastructure? We design, implement, and manage secure, scalable cloud solutions tailored to your business needs. Our approach ensures efficiency, flexibility, and reliability while reducing costs and complexity. Book a Call Benefits of the Cloud [&hellip;]\" \/>\n<meta property=\"og:url\" content=\"https:\/\/techbiz.global\/de\/cloud-services\/\" \/>\n<meta property=\"og:site_name\" content=\"TechBiz Global\" \/>\n<meta property=\"article:modified_time\" content=\"2026-02-18T22:18:43+00:00\" \/>\n<meta property=\"og:image\" content=\"https:\/\/techbiz.global\/wp-content\/uploads\/2026\/02\/Tech_Recruitment_Face.svg-fill-7.png\" \/>\n\t<meta property=\"og:image:width\" content=\"640\" \/>\n\t<meta property=\"og:image:height\" content=\"504\" \/>\n\t<meta property=\"og:image:type\" content=\"image\/png\" \/>\n<meta name=\"twitter:card\" content=\"summary_large_image\" \/>\n<meta name=\"twitter:label1\" content=\"Gesch\u00e4tzte Lesezeit\" \/>\n\t<meta name=\"twitter:data1\" content=\"1\u00a0Minute\" \/>\n<script type=\"application\/ld+json\" class=\"yoast-schema-graph\">{\"@context\":\"https:\\\/\\\/schema.org\",\"@graph\":[{\"@type\":\"WebPage\",\"@id\":\"https:\\\/\\\/techbiz.global\\\/cloud-services\\\/\",\"url\":\"https:\\\/\\\/techbiz.global\\\/cloud-services\\\/\",\"name\":\"Cloud Services - TechBiz Global\",\"isPartOf\":{\"@id\":\"https:\\\/\\\/techbiz.global\\\/#website\"},\"primaryImageOfPage\":{\"@id\":\"https:\\\/\\\/techbiz.global\\\/cloud-services\\\/#primaryimage\"},\"image\":{\"@id\":\"https:\\\/\\\/techbiz.global\\\/cloud-services\\\/#primaryimage\"},\"thumbnailUrl\":\"https:\\\/\\\/techbiz.global\\\/wp-content\\\/uploads\\\/2026\\\/02\\\/Tech_Recruitment_Face.svg-fill-7.png\",\"datePublished\":\"2026-02-16T19:00:16+00:00\",\"dateModified\":\"2026-02-18T22:18:43+00:00\",\"breadcrumb\":{\"@id\":\"https:\\\/\\\/techbiz.global\\\/cloud-services\\\/#breadcrumb\"},\"inLanguage\":\"de\",\"potentialAction\":[{\"@type\":\"ReadAction\",\"target\":[\"https:\\\/\\\/techbiz.global\\\/cloud-services\\\/\"]}]},{\"@type\":\"ImageObject\",\"inLanguage\":\"de\",\"@id\":\"https:\\\/\\\/techbiz.global\\\/cloud-services\\\/#primaryimage\",\"url\":\"https:\\\/\\\/techbiz.global\\\/wp-content\\\/uploads\\\/2026\\\/02\\\/Tech_Recruitment_Face.svg-fill-7.png\",\"contentUrl\":\"https:\\\/\\\/techbiz.global\\\/wp-content\\\/uploads\\\/2026\\\/02\\\/Tech_Recruitment_Face.svg-fill-7.png\"},{\"@type\":\"BreadcrumbList\",\"@id\":\"https:\\\/\\\/techbiz.global\\\/cloud-services\\\/#breadcrumb\",\"itemListElement\":[{\"@type\":\"ListItem\",\"position\":1,\"name\":\"Home\",\"item\":\"https:\\\/\\\/techbiz.global\\\/\"},{\"@type\":\"ListItem\",\"position\":2,\"name\":\"Cloud Services\"}]},{\"@type\":\"WebSite\",\"@id\":\"https:\\\/\\\/techbiz.global\\\/#website\",\"url\":\"https:\\\/\\\/techbiz.global\\\/\",\"name\":\"TechBiz Global\",\"description\":\"Powering Teams with Best IT Talents and Software Solutions!\",\"potentialAction\":[{\"@type\":\"SearchAction\",\"target\":{\"@type\":\"EntryPoint\",\"urlTemplate\":\"https:\\\/\\\/techbiz.global\\\/?s={search_term_string}\"},\"query-input\":{\"@type\":\"PropertyValueSpecification\",\"valueRequired\":true,\"valueName\":\"search_term_string\"}}],\"inLanguage\":\"de\"}]}<\/script>\n<!-- \/ Yoast SEO plugin. -->","yoast_head_json":{"title":"Cloud Services - TechBiz Global","robots":{"index":"index","follow":"follow","max-snippet":"max-snippet:-1","max-image-preview":"max-image-preview:large","max-video-preview":"max-video-preview:-1"},"canonical":"https:\/\/techbiz.global\/de\/cloud-services\/","og_locale":"de_DE","og_type":"article","og_title":"Cloud Services - TechBiz Global","og_description":"Elevate your business with secure and scalable cloud solutions! Cloud Services Looking to migrate to the cloud or optimize your current infrastructure? We design, implement, and manage secure, scalable cloud solutions tailored to your business needs. Our approach ensures efficiency, flexibility, and reliability while reducing costs and complexity. Book a Call Benefits of the Cloud [&hellip;]","og_url":"https:\/\/techbiz.global\/de\/cloud-services\/","og_site_name":"TechBiz Global","article_modified_time":"2026-02-18T22:18:43+00:00","og_image":[{"width":640,"height":504,"url":"https:\/\/techbiz.global\/wp-content\/uploads\/2026\/02\/Tech_Recruitment_Face.svg-fill-7.png","type":"image\/png"}],"twitter_card":"summary_large_image","twitter_misc":{"Gesch\u00e4tzte Lesezeit":"1\u00a0Minute"},"schema":{"@context":"https:\/\/schema.org","@graph":[{"@type":"WebPage","@id":"https:\/\/techbiz.global\/cloud-services\/","url":"https:\/\/techbiz.global\/cloud-services\/","name":"Cloud Services - TechBiz Global","isPartOf":{"@id":"https:\/\/techbiz.global\/#website"},"primaryImageOfPage":{"@id":"https:\/\/techbiz.global\/cloud-services\/#primaryimage"},"image":{"@id":"https:\/\/techbiz.global\/cloud-services\/#primaryimage"},"thumbnailUrl":"https:\/\/techbiz.global\/wp-content\/uploads\/2026\/02\/Tech_Recruitment_Face.svg-fill-7.png","datePublished":"2026-02-16T19:00:16+00:00","dateModified":"2026-02-18T22:18:43+00:00","breadcrumb":{"@id":"https:\/\/techbiz.global\/cloud-services\/#breadcrumb"},"inLanguage":"de","potentialAction":[{"@type":"ReadAction","target":["https:\/\/techbiz.global\/cloud-services\/"]}]},{"@type":"ImageObject","inLanguage":"de","@id":"https:\/\/techbiz.global\/cloud-services\/#primaryimage","url":"https:\/\/techbiz.global\/wp-content\/uploads\/2026\/02\/Tech_Recruitment_Face.svg-fill-7.png","contentUrl":"https:\/\/techbiz.global\/wp-content\/uploads\/2026\/02\/Tech_Recruitment_Face.svg-fill-7.png"},{"@type":"BreadcrumbList","@id":"https:\/\/techbiz.global\/cloud-services\/#breadcrumb","itemListElement":[{"@type":"ListItem","position":1,"name":"Home","item":"https:\/\/techbiz.global\/"},{"@type":"ListItem","position":2,"name":"Cloud Services"}]},{"@type":"WebSite","@id":"https:\/\/techbiz.global\/#website","url":"https:\/\/techbiz.global\/","name":"TechBiz Global","description":"Powering Teams with Best IT Talents and Software Solutions!","potentialAction":[{"@type":"SearchAction","target":{"@type":"EntryPoint","urlTemplate":"https:\/\/techbiz.global\/?s={search_term_string}"},"query-input":{"@type":"PropertyValueSpecification","valueRequired":true,"valueName":"search_term_string"}}],"inLanguage":"de"}]}},"_links":{"self":[{"href":"https:\/\/techbiz.global\/de\/wp-json\/wp\/v2\/pages\/8700","targetHints":{"allow":["GET"]}}],"collection":[{"href":"https:\/\/techbiz.global\/de\/wp-json\/wp\/v2\/pages"}],"about":[{"href":"https:\/\/techbiz.global\/de\/wp-json\/wp\/v2\/types\/page"}],"author":[{"embeddable":true,"href":"https:\/\/techbiz.global\/de\/wp-json\/wp\/v2\/users\/14"}],"replies":[{"embeddable":true,"href":"https:\/\/techbiz.global\/de\/wp-json\/wp\/v2\/comments?post=8700"}],"version-history":[{"count":5,"href":"https:\/\/techbiz.global\/de\/wp-json\/wp\/v2\/pages\/8700\/revisions"}],"predecessor-version":[{"id":8771,"href":"https:\/\/techbiz.global\/de\/wp-json\/wp\/v2\/pages\/8700\/revisions\/8771"}],"wp:attachment":[{"href":"https:\/\/techbiz.global\/de\/wp-json\/wp\/v2\/media?parent=8700"}],"curies":[{"name":"wp","href":"https:\/\/api.w.org\/{rel}","templated":true}]}}