{"id":4302,"date":"2022-11-18T23:42:47","date_gmt":"2022-11-18T21:42:47","guid":{"rendered":"https:\/\/techbiz.global\/?page_id=4302"},"modified":"2024-01-12T16:44:13","modified_gmt":"2024-01-12T14:44:13","slug":"consulting","status":"publish","type":"page","link":"https:\/\/techbiz.global\/de\/consulting\/","title":{"rendered":"Beratung"},"content":{"rendered":"<div data-elementor-type=\"wp-page\" data-elementor-id=\"4302\" class=\"elementor elementor-4302\" data-elementor-post-type=\"page\">\n\t\t\t\t<div class=\"elementor-element elementor-element-69f9fcf e-flex e-con-boxed e-con e-parent\" data-id=\"69f9fcf\" data-element_type=\"container\" data-e-type=\"container\">\n\t\t\t\t\t<div class=\"e-con-inner\">\n\t\t<div class=\"elementor-element elementor-element-3865529 e-con-full e-flex e-con e-child\" data-id=\"3865529\" data-element_type=\"container\" data-e-type=\"container\">\n\t\t\t\t<div class=\"elementor-element elementor-element-5cad061 elementor-widget elementor-widget-text-editor\" data-id=\"5cad061\" data-element_type=\"widget\" data-e-type=\"widget\" data-widget_type=\"text-editor.default\">\n\t\t\t\t<div class=\"elementor-widget-container\">\n\t\t\t\t\t\t\t\t\tBest IT recruitment and software development partner!\t\t\t\t\t\t\t\t<\/div>\n\t\t\t\t<\/div>\n\t\t\t\t<div class=\"elementor-element elementor-element-ef17bf1 elementor-widget elementor-widget-heading\" data-id=\"ef17bf1\" data-element_type=\"widget\" data-e-type=\"widget\" data-widget_type=\"heading.default\">\n\t\t\t\t<div class=\"elementor-widget-container\">\n\t\t\t\t\t<h1 class=\"elementor-heading-title elementor-size-default\">Individuelle Beratung<\/h1>\t\t\t\t<\/div>\n\t\t\t\t<\/div>\n\t\t\t\t<div class=\"elementor-element elementor-element-f41ff48 elementor-widget elementor-widget-text-editor\" data-id=\"f41ff48\" data-element_type=\"widget\" data-e-type=\"widget\" data-widget_type=\"text-editor.default\">\n\t\t\t\t<div class=\"elementor-widget-container\">\n\t\t\t\t\t\t\t\t\t<p><span style=\"font-weight: 400;\">Our team of experts are always here to assist you in finding the best way to improve your operational efficiency and help your business scale.<\/span><\/p><p><span style=\"font-weight: 400;\">Mit den neuesten Trends und Marktver\u00e4nderungen Schritt zu halten, kann herausfordernd sein. Oft fehlt es an spezifischem Know-how, was zu Unsicherheiten f\u00fchrt. Genau deshalb steht Ihnen das Team von TechBiz Global zur Seite \u2013 sei es bei Agile-Methoden, operativen Prozessen, Leadership oder anderen gesch\u00e4ftlichen Herausforderungen. Wir unterst\u00fctzen Sie mit unserer Expertise!<\/span><\/p><p><span style=\"font-weight: 400;\">Unsere Beratungsdienstleistungen unterst\u00fctzen Sie gezielt bei individuell auf Ihre Bed\u00fcrfnisse abgestimmten Themen wie Recruiting, Prozessoptimierung, Agilit\u00e4t und Softwareentwicklung. Dar\u00fcber hinaus stehen wir Ihnen im Projektmanagement zur Seite und sorgen daf\u00fcr, dass Ihre Ressourcen und Ihre Zeit bis ins kleinste Detail optimal genutzt werden. <\/span><\/p>\t\t\t\t\t\t\t\t<\/div>\n\t\t\t\t<\/div>\n\t\t\t\t<div class=\"elementor-element elementor-element-6b348e7 elementor-widget elementor-widget-button\" data-id=\"6b348e7\" data-element_type=\"widget\" data-e-type=\"widget\" data-widget_type=\"button.default\">\n\t\t\t\t<div class=\"elementor-widget-container\">\n\t\t\t\t\t\t\t\t\t<div class=\"elementor-button-wrapper\">\n\t\t\t\t\t<a class=\"elementor-button elementor-button-link elementor-size-sm\" href=\"https:\/\/techbiz.global\/de\/customer-contact-form\/\">\n\t\t\t\t\t\t<span class=\"elementor-button-content-wrapper\">\n\t\t\t\t\t\t\t\t\t<span class=\"elementor-button-text\">Kontaktieren Sie uns<\/span>\n\t\t\t\t\t<\/span>\n\t\t\t\t\t<\/a>\n\t\t\t\t<\/div>\n\t\t\t\t\t\t\t\t<\/div>\n\t\t\t\t<\/div>\n\t\t\t\t<\/div>\n\t\t<div class=\"elementor-element elementor-element-3841f2e e-con-full e-flex e-con e-child\" data-id=\"3841f2e\" data-element_type=\"container\" data-e-type=\"container\">\n\t\t\t\t<div class=\"elementor-element elementor-element-aa4e885 elementor-widget elementor-widget-image\" data-id=\"aa4e885\" data-element_type=\"widget\" data-e-type=\"widget\" data-widget_type=\"image.default\">\n\t\t\t\t<div class=\"elementor-widget-container\">\n\t\t\t\t\t\t\t\t\t\t\t\t\t\t\t<img fetchpriority=\"high\" decoding=\"async\" width=\"800\" height=\"630\" src=\"https:\/\/techbiz.global\/wp-content\/uploads\/2022\/12\/Consulting_Faces.svg\" class=\"attachment-full size-full wp-image-5425\" alt=\"\" \/>\t\t\t\t\t\t\t\t\t\t\t\t\t\t\t<\/div>\n\t\t\t\t<\/div>\n\t\t\t\t<\/div>\n\t\t\t\t\t<\/div>\n\t\t\t\t<\/div>\n\t\t<div class=\"elementor-element elementor-element-26e81b4 e-flex e-con-boxed e-con e-parent\" data-id=\"26e81b4\" data-element_type=\"container\" data-e-type=\"container\">\n\t\t\t\t\t<div class=\"e-con-inner\">\n\t\t<div class=\"elementor-element elementor-element-48f66fb e-con-full e-flex e-con e-child\" data-id=\"48f66fb\" data-element_type=\"container\" data-e-type=\"container\">\n\t\t\t\t<div class=\"elementor-element elementor-element-c1bb504 elementor-widget elementor-widget-heading\" data-id=\"c1bb504\" data-element_type=\"widget\" data-e-type=\"widget\" data-widget_type=\"heading.default\">\n\t\t\t\t<div class=\"elementor-widget-container\">\n\t\t\t\t\t<h2 class=\"elementor-heading-title elementor-size-default\">How We Help<\/h2>\t\t\t\t<\/div>\n\t\t\t\t<\/div>\n\t\t\t\t<div class=\"elementor-element elementor-element-700e6c4 elementor-widget elementor-widget-text-editor\" data-id=\"700e6c4\" data-element_type=\"widget\" data-e-type=\"widget\" data-widget_type=\"text-editor.default\">\n\t\t\t\t<div class=\"elementor-widget-container\">\n\t\t\t\t\t\t\t\t\tOur team of experts can help you with a wide range of topics and provide you with customized consulting. Some of the topics which we can help you with are:\t\t\t\t\t\t\t\t<\/div>\n\t\t\t\t<\/div>\n\t\t\t\t<div class=\"elementor-element elementor-element-eade550 elementor-widget elementor-widget-text-editor\" data-id=\"eade550\" data-element_type=\"widget\" data-e-type=\"widget\" data-widget_type=\"text-editor.default\">\n\t\t\t\t<div class=\"elementor-widget-container\">\n\t\t\t\t\t\t\t\t\t<ul><li style=\"font-weight: 400;\" aria-level=\"1\"><span style=\"font-weight: 400;\">Agile services<\/span><\/li><li style=\"font-weight: 400;\" aria-level=\"1\"><span style=\"font-weight: 400;\">Cost optimization<\/span><\/li><li style=\"font-weight: 400;\" aria-level=\"1\"><span style=\"font-weight: 400;\">User Experience (UX)<\/span><\/li><li style=\"font-weight: 400;\" aria-level=\"1\"><span style=\"font-weight: 400;\">Customized Tech leadership consulting<\/span><\/li><li style=\"font-weight: 400;\" aria-level=\"1\"><span style=\"font-weight: 400;\">Operations management<\/span><\/li><li style=\"font-weight: 400;\" aria-level=\"1\"><span style=\"font-weight: 400;\">People and organization consulting<\/span><\/li><li style=\"font-weight: 400;\" aria-level=\"1\"><span style=\"font-weight: 400;\">Tech strategy<\/span><\/li><li style=\"font-weight: 400;\" aria-level=\"1\"><span style=\"font-weight: 400;\">Digital transformation<\/span><\/li><li style=\"font-weight: 400;\" aria-level=\"1\"><span style=\"font-weight: 400;\">IT recruitment workshops<\/span><\/li><li style=\"font-weight: 400;\" aria-level=\"1\"><span style=\"font-weight: 400;\">Product consulting<\/span><\/li><li style=\"font-weight: 400;\" aria-level=\"1\"><span style=\"font-weight: 400;\">CTO as a service<\/span><\/li><li style=\"font-weight: 400;\" aria-level=\"1\"><span style=\"font-weight: 400;\">Interim management<\/span><\/li><li style=\"font-weight: 400;\" aria-level=\"1\"><span style=\"font-weight: 400;\">Tech due filigence<\/span><\/li><li style=\"font-weight: 400;\" aria-level=\"1\"><span style=\"font-weight: 400;\">Project management<\/span><\/li><li style=\"font-weight: 400;\" aria-level=\"1\"><span style=\"font-weight: 400;\">Solution design<\/span><\/li><li style=\"font-weight: 400;\" aria-level=\"1\"><span style=\"font-weight: 400;\">Change management<\/span><\/li><li style=\"font-weight: 400;\" aria-level=\"1\"><span style=\"font-weight: 400;\">DevOps as a service<\/span><\/li><li style=\"font-weight: 400;\" aria-level=\"1\"><span style=\"font-weight: 400;\">Startup management<\/span><\/li><li style=\"font-weight: 400;\" aria-level=\"1\"><span style=\"font-weight: 400;\">Security and compliance<\/span><\/li><li style=\"font-weight: 400;\" aria-level=\"1\"><span style=\"font-weight: 400;\">Tech related consulting on different topics<\/span><\/li><\/ul>\t\t\t\t\t\t\t\t<\/div>\n\t\t\t\t<\/div>\n\t\t\t\t<\/div>\n\t\t\t\t\t<\/div>\n\t\t\t\t<\/div>\n\t\t<div class=\"elementor-element elementor-element-b74927f e-flex e-con-boxed e-con e-parent\" data-id=\"b74927f\" data-element_type=\"container\" data-e-type=\"container\">\n\t\t\t\t\t<div class=\"e-con-inner\">\n\t\t<div class=\"elementor-element elementor-element-5eed5fd e-con-full e-flex e-con e-child\" data-id=\"5eed5fd\" data-element_type=\"container\" data-e-type=\"container\" data-settings=\"{&quot;background_background&quot;:&quot;classic&quot;}\">\n\t\t\t\t<div class=\"elementor-element elementor-element-a2293fe elementor-widget elementor-widget-heading\" data-id=\"a2293fe\" data-element_type=\"widget\" data-e-type=\"widget\" data-widget_type=\"heading.default\">\n\t\t\t\t<div class=\"elementor-widget-container\">\n\t\t\t\t\t<h3 class=\"elementor-heading-title elementor-size-default\">Benefits<\/h3>\t\t\t\t<\/div>\n\t\t\t\t<\/div>\n\t\t\t\t<div class=\"elementor-element elementor-element-4a6e9c8 elementor-icon-list--layout-traditional elementor-list-item-link-full_width elementor-widget elementor-widget-icon-list\" data-id=\"4a6e9c8\" data-element_type=\"widget\" data-e-type=\"widget\" data-widget_type=\"icon-list.default\">\n\t\t\t\t<div class=\"elementor-widget-container\">\n\t\t\t\t\t\t\t<ul class=\"elementor-icon-list-items\">\n\t\t\t\t\t\t\t<li class=\"elementor-icon-list-item\">\n\t\t\t\t\t\t\t\t\t\t\t<span class=\"elementor-icon-list-icon\">\n\t\t\t\t\t\t\t<svg xmlns=\"http:\/\/www.w3.org\/2000\/svg\" width=\"9\" height=\"12\" viewbox=\"0 0 9 12\" fill=\"none\"><path d=\"M8.48528 5.65685L2.82842 11.3137L0 8.48528L2.82842 5.65685L0 2.82843L2.82842 0L8.48528 5.65685Z\" fill=\"#FF7900\"><\/path><\/svg>\t\t\t\t\t\t<\/span>\n\t\t\t\t\t\t\t\t\t\t<span class=\"elementor-icon-list-text\">Gain an in-depth understanding of your chosen topic or any other matter that seems important.<\/span>\n\t\t\t\t\t\t\t\t\t<\/li>\n\t\t\t\t\t\t\t\t<li class=\"elementor-icon-list-item\">\n\t\t\t\t\t\t\t\t\t\t\t<span class=\"elementor-icon-list-icon\">\n\t\t\t\t\t\t\t<svg xmlns=\"http:\/\/www.w3.org\/2000\/svg\" width=\"9\" height=\"12\" viewbox=\"0 0 9 12\" fill=\"none\"><path d=\"M8.48528 5.65685L2.82842 11.3137L0 8.48528L2.82842 5.65685L0 2.82843L2.82842 0L8.48528 5.65685Z\" fill=\"#FF7900\"><\/path><\/svg>\t\t\t\t\t\t<\/span>\n\t\t\t\t\t\t\t\t\t\t<span class=\"elementor-icon-list-text\">Identify and mitigate risks before they become a problem.<\/span>\n\t\t\t\t\t\t\t\t\t<\/li>\n\t\t\t\t\t\t\t\t<li class=\"elementor-icon-list-item\">\n\t\t\t\t\t\t\t\t\t\t\t<span class=\"elementor-icon-list-icon\">\n\t\t\t\t\t\t\t<svg xmlns=\"http:\/\/www.w3.org\/2000\/svg\" width=\"9\" height=\"12\" viewbox=\"0 0 9 12\" fill=\"none\"><path d=\"M8.48528 5.65685L2.82842 11.3137L0 8.48528L2.82842 5.65685L0 2.82843L2.82842 0L8.48528 5.65685Z\" fill=\"#FF7900\"><\/path><\/svg>\t\t\t\t\t\t<\/span>\n\t\t\t\t\t\t\t\t\t\t<span class=\"elementor-icon-list-text\">Build a consistent methodology for quickly responding to any occurring issues.<\/span>\n\t\t\t\t\t\t\t\t\t<\/li>\n\t\t\t\t\t\t\t\t<li class=\"elementor-icon-list-item\">\n\t\t\t\t\t\t\t\t\t\t\t<span class=\"elementor-icon-list-icon\">\n\t\t\t\t\t\t\t<svg xmlns=\"http:\/\/www.w3.org\/2000\/svg\" width=\"9\" height=\"12\" viewbox=\"0 0 9 12\" fill=\"none\"><path d=\"M8.48528 5.65685L2.82842 11.3137L0 8.48528L2.82842 5.65685L0 2.82843L2.82842 0L8.48528 5.65685Z\" fill=\"#FF7900\"><\/path><\/svg>\t\t\t\t\t\t<\/span>\n\t\t\t\t\t\t\t\t\t\t<span class=\"elementor-icon-list-text\">Craft a well-built operational consistency to ensure your business\u2019s success.<\/span>\n\t\t\t\t\t\t\t\t\t<\/li>\n\t\t\t\t\t\t\t\t<li class=\"elementor-icon-list-item\">\n\t\t\t\t\t\t\t\t\t\t\t<span class=\"elementor-icon-list-icon\">\n\t\t\t\t\t\t\t<svg xmlns=\"http:\/\/www.w3.org\/2000\/svg\" width=\"9\" height=\"12\" viewbox=\"0 0 9 12\" fill=\"none\"><path d=\"M8.48528 5.65685L2.82842 11.3137L0 8.48528L2.82842 5.65685L0 2.82843L2.82842 0L8.48528 5.65685Z\" fill=\"#FF7900\"><\/path><\/svg>\t\t\t\t\t\t<\/span>\n\t\t\t\t\t\t\t\t\t\t<span class=\"elementor-icon-list-text\">Choose a flexible and convenient form for you like hourly consulting, workshops, cources or retainer.<\/span>\n\t\t\t\t\t\t\t\t\t<\/li>\n\t\t\t\t\t\t<\/ul>\n\t\t\t\t\t\t<\/div>\n\t\t\t\t<\/div>\n\t\t\t\t<\/div>\n\t\t\t\t\t<\/div>\n\t\t\t\t<\/div>\n\t\t\t\t<\/div>","protected":false},"excerpt":{"rendered":"<p>Best IT recruitment and software development partner! Customized Consulting Our team of experts are always here to assist you in finding the best way to improve your operational efficiency and help your business scale. To catch up with the latest trends and changes in the market can be exhausting. And sometimes it happens that we [&hellip;]<\/p>\n","protected":false},"author":4,"featured_media":0,"parent":0,"menu_order":0,"comment_status":"closed","ping_status":"closed","template":"elementor_header_footer","meta":{"_acf_changed":false,"nf_dc_page":"","content-type":"","footnotes":""},"class_list":["post-4302","page","type-page","status-publish","hentry"],"acf":[],"yoast_head":"<!-- This site is optimized with the Yoast SEO plugin v27.4 - https:\/\/yoast.com\/product\/yoast-seo-wordpress\/ -->\n<title>Consulting - TechBiz Global<\/title>\n<meta name=\"description\" content=\"Our team of experts are always here to assist you in finding the best way to improve your operational efficiency and help your business scale.\" \/>\n<meta name=\"robots\" content=\"index, follow, max-snippet:-1, max-image-preview:large, max-video-preview:-1\" \/>\n<link rel=\"canonical\" href=\"https:\/\/techbiz.global\/de\/consulting\/\" \/>\n<meta property=\"og:locale\" content=\"de_DE\" \/>\n<meta property=\"og:type\" content=\"article\" \/>\n<meta property=\"og:title\" content=\"Consulting - TechBiz Global\" \/>\n<meta property=\"og:description\" content=\"Our team of experts are always here to assist you in finding the best way to improve your operational efficiency and help your business scale.\" \/>\n<meta property=\"og:url\" content=\"https:\/\/techbiz.global\/de\/consulting\/\" \/>\n<meta property=\"og:site_name\" content=\"TechBiz Global\" \/>\n<meta property=\"article:modified_time\" content=\"2024-01-12T14:44:13+00:00\" \/>\n<meta property=\"og:image\" content=\"https:\/\/techbiz.global\/wp-content\/uploads\/2022\/12\/Consulting_Faces.svg\" \/>\n<meta name=\"twitter:card\" content=\"summary_large_image\" \/>\n<meta name=\"twitter:label1\" content=\"Gesch\u00e4tzte Lesezeit\" \/>\n\t<meta name=\"twitter:data1\" content=\"2\u00a0Minuten\" \/>\n<script type=\"application\/ld+json\" class=\"yoast-schema-graph\">{\"@context\":\"https:\\\/\\\/schema.org\",\"@graph\":[{\"@type\":\"WebPage\",\"@id\":\"https:\\\/\\\/techbiz.global\\\/consulting\\\/\",\"url\":\"https:\\\/\\\/techbiz.global\\\/consulting\\\/\",\"name\":\"Consulting - TechBiz Global\",\"isPartOf\":{\"@id\":\"https:\\\/\\\/techbiz.global\\\/#website\"},\"primaryImageOfPage\":{\"@id\":\"https:\\\/\\\/techbiz.global\\\/consulting\\\/#primaryimage\"},\"image\":{\"@id\":\"https:\\\/\\\/techbiz.global\\\/consulting\\\/#primaryimage\"},\"thumbnailUrl\":\"https:\\\/\\\/techbiz.global\\\/wp-content\\\/uploads\\\/2022\\\/12\\\/Consulting_Faces.svg\",\"datePublished\":\"2022-11-18T21:42:47+00:00\",\"dateModified\":\"2024-01-12T14:44:13+00:00\",\"description\":\"Our team of experts are always here to assist you in finding the best way to improve your operational efficiency and help your business scale.\",\"breadcrumb\":{\"@id\":\"https:\\\/\\\/techbiz.global\\\/consulting\\\/#breadcrumb\"},\"inLanguage\":\"de\",\"potentialAction\":[{\"@type\":\"ReadAction\",\"target\":[\"https:\\\/\\\/techbiz.global\\\/consulting\\\/\"]}]},{\"@type\":\"ImageObject\",\"inLanguage\":\"de\",\"@id\":\"https:\\\/\\\/techbiz.global\\\/consulting\\\/#primaryimage\",\"url\":\"https:\\\/\\\/techbiz.global\\\/wp-content\\\/uploads\\\/2022\\\/12\\\/Consulting_Faces.svg\",\"contentUrl\":\"https:\\\/\\\/techbiz.global\\\/wp-content\\\/uploads\\\/2022\\\/12\\\/Consulting_Faces.svg\"},{\"@type\":\"BreadcrumbList\",\"@id\":\"https:\\\/\\\/techbiz.global\\\/consulting\\\/#breadcrumb\",\"itemListElement\":[{\"@type\":\"ListItem\",\"position\":1,\"name\":\"Home\",\"item\":\"https:\\\/\\\/techbiz.global\\\/\"},{\"@type\":\"ListItem\",\"position\":2,\"name\":\"Consulting\"}]},{\"@type\":\"WebSite\",\"@id\":\"https:\\\/\\\/techbiz.global\\\/#website\",\"url\":\"https:\\\/\\\/techbiz.global\\\/\",\"name\":\"TechBiz Global\",\"description\":\"Powering Teams with Best IT Talents and Software Solutions!\",\"potentialAction\":[{\"@type\":\"SearchAction\",\"target\":{\"@type\":\"EntryPoint\",\"urlTemplate\":\"https:\\\/\\\/techbiz.global\\\/?s={search_term_string}\"},\"query-input\":{\"@type\":\"PropertyValueSpecification\",\"valueRequired\":true,\"valueName\":\"search_term_string\"}}],\"inLanguage\":\"de\"}]}<\/script>\n<!-- \/ Yoast SEO plugin. -->","yoast_head_json":{"title":"Consulting - TechBiz Global","description":"Our team of experts are always here to assist you in finding the best way to improve your operational efficiency and help your business scale.","robots":{"index":"index","follow":"follow","max-snippet":"max-snippet:-1","max-image-preview":"max-image-preview:large","max-video-preview":"max-video-preview:-1"},"canonical":"https:\/\/techbiz.global\/de\/consulting\/","og_locale":"de_DE","og_type":"article","og_title":"Consulting - TechBiz Global","og_description":"Our team of experts are always here to assist you in finding the best way to improve your operational efficiency and help your business scale.","og_url":"https:\/\/techbiz.global\/de\/consulting\/","og_site_name":"TechBiz Global","article_modified_time":"2024-01-12T14:44:13+00:00","og_image":[{"url":"https:\/\/techbiz.global\/wp-content\/uploads\/2022\/12\/Consulting_Faces.svg","type":"","width":"","height":""}],"twitter_card":"summary_large_image","twitter_misc":{"Gesch\u00e4tzte Lesezeit":"2\u00a0Minuten"},"schema":{"@context":"https:\/\/schema.org","@graph":[{"@type":"WebPage","@id":"https:\/\/techbiz.global\/consulting\/","url":"https:\/\/techbiz.global\/consulting\/","name":"Consulting - TechBiz Global","isPartOf":{"@id":"https:\/\/techbiz.global\/#website"},"primaryImageOfPage":{"@id":"https:\/\/techbiz.global\/consulting\/#primaryimage"},"image":{"@id":"https:\/\/techbiz.global\/consulting\/#primaryimage"},"thumbnailUrl":"https:\/\/techbiz.global\/wp-content\/uploads\/2022\/12\/Consulting_Faces.svg","datePublished":"2022-11-18T21:42:47+00:00","dateModified":"2024-01-12T14:44:13+00:00","description":"Our team of experts are always here to assist you in finding the best way to improve your operational efficiency and help your business scale.","breadcrumb":{"@id":"https:\/\/techbiz.global\/consulting\/#breadcrumb"},"inLanguage":"de","potentialAction":[{"@type":"ReadAction","target":["https:\/\/techbiz.global\/consulting\/"]}]},{"@type":"ImageObject","inLanguage":"de","@id":"https:\/\/techbiz.global\/consulting\/#primaryimage","url":"https:\/\/techbiz.global\/wp-content\/uploads\/2022\/12\/Consulting_Faces.svg","contentUrl":"https:\/\/techbiz.global\/wp-content\/uploads\/2022\/12\/Consulting_Faces.svg"},{"@type":"BreadcrumbList","@id":"https:\/\/techbiz.global\/consulting\/#breadcrumb","itemListElement":[{"@type":"ListItem","position":1,"name":"Home","item":"https:\/\/techbiz.global\/"},{"@type":"ListItem","position":2,"name":"Consulting"}]},{"@type":"WebSite","@id":"https:\/\/techbiz.global\/#website","url":"https:\/\/techbiz.global\/","name":"TechBiz Global","description":"Powering Teams with Best IT Talents and Software Solutions!","potentialAction":[{"@type":"SearchAction","target":{"@type":"EntryPoint","urlTemplate":"https:\/\/techbiz.global\/?s={search_term_string}"},"query-input":{"@type":"PropertyValueSpecification","valueRequired":true,"valueName":"search_term_string"}}],"inLanguage":"de"}]}},"_links":{"self":[{"href":"https:\/\/techbiz.global\/de\/wp-json\/wp\/v2\/pages\/4302","targetHints":{"allow":["GET"]}}],"collection":[{"href":"https:\/\/techbiz.global\/de\/wp-json\/wp\/v2\/pages"}],"about":[{"href":"https:\/\/techbiz.global\/de\/wp-json\/wp\/v2\/types\/page"}],"author":[{"embeddable":true,"href":"https:\/\/techbiz.global\/de\/wp-json\/wp\/v2\/users\/4"}],"replies":[{"embeddable":true,"href":"https:\/\/techbiz.global\/de\/wp-json\/wp\/v2\/comments?post=4302"}],"version-history":[{"count":5,"href":"https:\/\/techbiz.global\/de\/wp-json\/wp\/v2\/pages\/4302\/revisions"}],"predecessor-version":[{"id":6409,"href":"https:\/\/techbiz.global\/de\/wp-json\/wp\/v2\/pages\/4302\/revisions\/6409"}],"wp:attachment":[{"href":"https:\/\/techbiz.global\/de\/wp-json\/wp\/v2\/media?parent=4302"}],"curies":[{"name":"wp","href":"https:\/\/api.w.org\/{rel}","templated":true}]}}