{"id":4297,"date":"2022-11-18T23:42:23","date_gmt":"2022-11-18T21:42:23","guid":{"rendered":"https:\/\/techbiz.global\/?page_id=4297"},"modified":"2024-01-12T16:38:07","modified_gmt":"2024-01-12T14:38:07","slug":"building-offices","status":"publish","type":"page","link":"https:\/\/techbiz.global\/de\/building-offices\/","title":{"rendered":"Building Offices"},"content":{"rendered":"<div data-elementor-type=\"wp-page\" data-elementor-id=\"4297\" class=\"elementor elementor-4297\" data-elementor-post-type=\"page\">\n\t\t\t\t<div class=\"elementor-element elementor-element-01f8a65 e-flex e-con-boxed e-con e-parent\" data-id=\"01f8a65\" data-element_type=\"container\" data-e-type=\"container\">\n\t\t\t\t\t<div class=\"e-con-inner\">\n\t\t<div class=\"elementor-element elementor-element-48eb741 e-con-full e-flex e-con e-child\" data-id=\"48eb741\" data-element_type=\"container\" data-e-type=\"container\">\n\t\t\t\t<div class=\"elementor-element elementor-element-5bc6f22 elementor-widget elementor-widget-text-editor\" data-id=\"5bc6f22\" data-element_type=\"widget\" data-e-type=\"widget\" data-widget_type=\"text-editor.default\">\n\t\t\t\t<div class=\"elementor-widget-container\">\n\t\t\t\t\t\t\t\t\tWe build scalable tech for business future!\t\t\t\t\t\t\t\t<\/div>\n\t\t\t\t<\/div>\n\t\t\t\t<div class=\"elementor-element elementor-element-0869803 elementor-widget elementor-widget-heading\" data-id=\"0869803\" data-element_type=\"widget\" data-e-type=\"widget\" data-widget_type=\"heading.default\">\n\t\t\t\t<div class=\"elementor-widget-container\">\n\t\t\t\t\t<h1 class=\"elementor-heading-title elementor-size-default\">Regionale Standorte &amp; Relocation<\/h1>\t\t\t\t<\/div>\n\t\t\t\t<\/div>\n\t\t\t\t<div class=\"elementor-element elementor-element-f66700e elementor-widget elementor-widget-text-editor\" data-id=\"f66700e\" data-element_type=\"widget\" data-e-type=\"widget\" data-widget_type=\"text-editor.default\">\n\t\t\t\t<div class=\"elementor-widget-container\">\n\t\t\t\t\t\t\t\t\t<p><span style=\"font-weight: 400;\">Let us fulfill your needs, find your ideal location, and build a new Software development center for your company anywhere.<\/span><\/p><p><span style=\"font-weight: 400;\">If you need a fantastic Research &amp; Development center or any type of regional office, or perhaps to relocate your team elsewhere &#8211; TechBiz Global is at your disposal!\u00a0<\/span><\/p><p><span style=\"font-weight: 400;\">Von der ersten Planungsphase bis zu den sp\u00e4teren gesch\u00e4ftlichen Anforderungen \u2013 verlassen Sie sich auf uns, um Zeit, Geld und Ressourcen zu sparen. Unser Team aus engagierten Experten sorgt daf\u00fcr, dass alle Prozesse sicher, effizient und gem\u00e4\u00df Ihren Anforderungen umgesetzt werden.\u00a0<\/span><\/p><p><span style=\"font-weight: 400;\">Wir unterst\u00fctzen Sie an zahlreichen globalen Standorten. Unsere erfahrenen Manager \u00fcberwachen und koordinieren alle Prozesse rund um den Aufbau oder die Verlagerung regionaler Standorte sowie die Rekrutierung neuer Fachkr\u00e4fte, falls erforderlich. Zudem \u00fcbernehmen wir die Abwicklung s\u00e4mtlicher administrativer und beh\u00f6rdlicher Angelegenheiten \u2013 sodass Sie sich auf Ihr Kerngesch\u00e4ft konzentrieren k\u00f6nnen. <\/span><\/p>\t\t\t\t\t\t\t\t<\/div>\n\t\t\t\t<\/div>\n\t\t\t\t<div class=\"elementor-element elementor-element-1c89b10 elementor-widget elementor-widget-button\" data-id=\"1c89b10\" data-element_type=\"widget\" data-e-type=\"widget\" data-widget_type=\"button.default\">\n\t\t\t\t<div class=\"elementor-widget-container\">\n\t\t\t\t\t\t\t\t\t<div class=\"elementor-button-wrapper\">\n\t\t\t\t\t<a class=\"elementor-button elementor-button-link elementor-size-sm\" href=\"https:\/\/techbiz.global\/de\/customer-contact-form\/\">\n\t\t\t\t\t\t<span class=\"elementor-button-content-wrapper\">\n\t\t\t\t\t\t\t\t\t<span class=\"elementor-button-text\">Kontaktieren Sie uns<\/span>\n\t\t\t\t\t<\/span>\n\t\t\t\t\t<\/a>\n\t\t\t\t<\/div>\n\t\t\t\t\t\t\t\t<\/div>\n\t\t\t\t<\/div>\n\t\t\t\t<\/div>\n\t\t<div class=\"elementor-element elementor-element-5a8bb9c e-con-full e-flex e-con e-child\" data-id=\"5a8bb9c\" data-element_type=\"container\" data-e-type=\"container\">\n\t\t\t\t<div class=\"elementor-element elementor-element-00e8707 elementor-widget elementor-widget-image\" data-id=\"00e8707\" data-element_type=\"widget\" data-e-type=\"widget\" data-widget_type=\"image.default\">\n\t\t\t\t<div class=\"elementor-widget-container\">\n\t\t\t\t\t\t\t\t\t\t\t\t\t\t\t<img fetchpriority=\"high\" decoding=\"async\" width=\"800\" height=\"630\" src=\"https:\/\/techbiz.global\/wp-content\/uploads\/2022\/11\/Offices_.svg\" class=\"attachment-full size-full wp-image-4529\" alt=\"\" \/>\t\t\t\t\t\t\t\t\t\t\t\t\t\t\t<\/div>\n\t\t\t\t<\/div>\n\t\t\t\t<\/div>\n\t\t\t\t\t<\/div>\n\t\t\t\t<\/div>\n\t\t<div class=\"elementor-element elementor-element-1f93bd5 e-flex e-con-boxed e-con e-parent\" data-id=\"1f93bd5\" data-element_type=\"container\" data-e-type=\"container\">\n\t\t\t\t\t<div class=\"e-con-inner\">\n\t\t<div class=\"elementor-element elementor-element-6672780 e-con-full e-flex e-con e-child\" data-id=\"6672780\" data-element_type=\"container\" data-e-type=\"container\">\n\t\t\t\t<div class=\"elementor-element elementor-element-80327eb elementor-widget elementor-widget-heading\" data-id=\"80327eb\" data-element_type=\"widget\" data-e-type=\"widget\" data-widget_type=\"heading.default\">\n\t\t\t\t<div class=\"elementor-widget-container\">\n\t\t\t\t\t<h2 class=\"elementor-heading-title elementor-size-default\">Why Team TechBiz Global?<\/h2>\t\t\t\t<\/div>\n\t\t\t\t<\/div>\n\t\t\t\t<div class=\"elementor-element elementor-element-7ca7403 elementor-widget elementor-widget-text-editor\" data-id=\"7ca7403\" data-element_type=\"widget\" data-e-type=\"widget\" data-widget_type=\"text-editor.default\">\n\t\t\t\t<div class=\"elementor-widget-container\">\n\t\t\t\t\t\t\t\t\t<ul><li style=\"font-weight: 400;\" aria-level=\"1\"><span style=\"font-weight: 400;\">For our clients, we offer an innovative approach &#8211; we know that today&#8217;s working environment must fit the trends of today&#8217;s talent pool: a good working environment equals a good retention and team satisfaction rate.\u00a0<\/span><\/li><li style=\"font-weight: 400;\" aria-level=\"1\"><span style=\"font-weight: 400;\">We offer our commitment &#8211; no task is big or small to us; we are here to help you and provide the best customer service no matter what!\u00a0<\/span><\/li><li style=\"font-weight: 400;\" aria-level=\"1\"><span style=\"font-weight: 400;\">And most important, we offer you our service excellence &#8211; we will always provide you with first-class customer service, transparency, and the highest professionalism.<\/span><\/li><\/ul>\t\t\t\t\t\t\t\t<\/div>\n\t\t\t\t<\/div>\n\t\t\t\t<\/div>\n\t\t\t\t\t<\/div>\n\t\t\t\t<\/div>\n\t\t<div class=\"elementor-element elementor-element-f782d54 e-flex e-con-boxed e-con e-parent\" data-id=\"f782d54\" data-element_type=\"container\" data-e-type=\"container\">\n\t\t\t\t\t<div class=\"e-con-inner\">\n\t\t<div class=\"elementor-element elementor-element-4c8cf8c e-con-full e-flex e-con e-child\" data-id=\"4c8cf8c\" data-element_type=\"container\" data-e-type=\"container\" data-settings=\"{&quot;background_background&quot;:&quot;classic&quot;}\">\n\t\t\t\t<div class=\"elementor-element elementor-element-fb9748c elementor-widget elementor-widget-heading\" data-id=\"fb9748c\" data-element_type=\"widget\" data-e-type=\"widget\" data-widget_type=\"heading.default\">\n\t\t\t\t<div class=\"elementor-widget-container\">\n\t\t\t\t\t<h3 class=\"elementor-heading-title elementor-size-default\">Benefits<\/h3>\t\t\t\t<\/div>\n\t\t\t\t<\/div>\n\t\t\t\t<div class=\"elementor-element elementor-element-5302da7 elementor-icon-list--layout-traditional elementor-list-item-link-full_width elementor-widget elementor-widget-icon-list\" data-id=\"5302da7\" data-element_type=\"widget\" data-e-type=\"widget\" data-widget_type=\"icon-list.default\">\n\t\t\t\t<div class=\"elementor-widget-container\">\n\t\t\t\t\t\t\t<ul class=\"elementor-icon-list-items\">\n\t\t\t\t\t\t\t<li class=\"elementor-icon-list-item\">\n\t\t\t\t\t\t\t\t\t\t\t<span class=\"elementor-icon-list-icon\">\n\t\t\t\t\t\t\t<svg xmlns=\"http:\/\/www.w3.org\/2000\/svg\" width=\"9\" height=\"12\" viewbox=\"0 0 9 12\" fill=\"none\"><path d=\"M8.48528 5.65685L2.82842 11.3137L0 8.48528L2.82842 5.65685L0 2.82843L2.82842 0L8.48528 5.65685Z\" fill=\"#FF7900\"><\/path><\/svg>\t\t\t\t\t\t<\/span>\n\t\t\t\t\t\t\t\t\t\t<span class=\"elementor-icon-list-text\">Receive accurate and daily reports on the progress of set priorities and tasks. <\/span>\n\t\t\t\t\t\t\t\t\t<\/li>\n\t\t\t\t\t\t\t\t<li class=\"elementor-icon-list-item\">\n\t\t\t\t\t\t\t\t\t\t\t<span class=\"elementor-icon-list-icon\">\n\t\t\t\t\t\t\t<svg xmlns=\"http:\/\/www.w3.org\/2000\/svg\" width=\"9\" height=\"12\" viewbox=\"0 0 9 12\" fill=\"none\"><path d=\"M8.48528 5.65685L2.82842 11.3137L0 8.48528L2.82842 5.65685L0 2.82843L2.82842 0L8.48528 5.65685Z\" fill=\"#FF7900\"><\/path><\/svg>\t\t\t\t\t\t<\/span>\n\t\t\t\t\t\t\t\t\t\t<span class=\"elementor-icon-list-text\">Our account managers will take care of all responsibilities, thus, freeing your time to focus on the business aspects that matter most. <\/span>\n\t\t\t\t\t\t\t\t\t<\/li>\n\t\t\t\t\t\t\t\t<li class=\"elementor-icon-list-item\">\n\t\t\t\t\t\t\t\t\t\t\t<span class=\"elementor-icon-list-icon\">\n\t\t\t\t\t\t\t<svg xmlns=\"http:\/\/www.w3.org\/2000\/svg\" width=\"9\" height=\"12\" viewbox=\"0 0 9 12\" fill=\"none\"><path d=\"M8.48528 5.65685L2.82842 11.3137L0 8.48528L2.82842 5.65685L0 2.82843L2.82842 0L8.48528 5.65685Z\" fill=\"#FF7900\"><\/path><\/svg>\t\t\t\t\t\t<\/span>\n\t\t\t\t\t\t\t\t\t\t<span class=\"elementor-icon-list-text\">Our dedicated team of specialists will manage to optimize your spending so that your costs will meet your business objectives.<\/span>\n\t\t\t\t\t\t\t\t\t<\/li>\n\t\t\t\t\t\t\t\t<li class=\"elementor-icon-list-item\">\n\t\t\t\t\t\t\t\t\t\t\t<span class=\"elementor-icon-list-icon\">\n\t\t\t\t\t\t\t<svg xmlns=\"http:\/\/www.w3.org\/2000\/svg\" width=\"9\" height=\"12\" viewbox=\"0 0 9 12\" fill=\"none\"><path d=\"M8.48528 5.65685L2.82842 11.3137L0 8.48528L2.82842 5.65685L0 2.82843L2.82842 0L8.48528 5.65685Z\" fill=\"#FF7900\"><\/path><\/svg>\t\t\t\t\t\t<\/span>\n\t\t\t\t\t\t\t\t\t\t<span class=\"elementor-icon-list-text\">We will arrange your working environment according to your wishes and needs. <\/span>\n\t\t\t\t\t\t\t\t\t<\/li>\n\t\t\t\t\t\t\t\t<li class=\"elementor-icon-list-item\">\n\t\t\t\t\t\t\t\t\t\t\t<span class=\"elementor-icon-list-icon\">\n\t\t\t\t\t\t\t<svg xmlns=\"http:\/\/www.w3.org\/2000\/svg\" width=\"9\" height=\"12\" viewbox=\"0 0 9 12\" fill=\"none\"><path d=\"M8.48528 5.65685L2.82842 11.3137L0 8.48528L2.82842 5.65685L0 2.82843L2.82842 0L8.48528 5.65685Z\" fill=\"#FF7900\"><\/path><\/svg>\t\t\t\t\t\t<\/span>\n\t\t\t\t\t\t\t\t\t\t<span class=\"elementor-icon-list-text\">Plan the new office space if necessary, and provide options for additional office equipment if you're expanding.<\/span>\n\t\t\t\t\t\t\t\t\t<\/li>\n\t\t\t\t\t\t\t\t<li class=\"elementor-icon-list-item\">\n\t\t\t\t\t\t\t\t\t\t\t<span class=\"elementor-icon-list-icon\">\n\t\t\t\t\t\t\t<svg xmlns=\"http:\/\/www.w3.org\/2000\/svg\" width=\"9\" height=\"12\" viewbox=\"0 0 9 12\" fill=\"none\"><path d=\"M8.48528 5.65685L2.82842 11.3137L0 8.48528L2.82842 5.65685L0 2.82843L2.82842 0L8.48528 5.65685Z\" fill=\"#FF7900\"><\/path><\/svg>\t\t\t\t\t\t<\/span>\n\t\t\t\t\t\t\t\t\t\t<span class=\"elementor-icon-list-text\">Allow new employees and relocated employees to work together in new location.<\/span>\n\t\t\t\t\t\t\t\t\t<\/li>\n\t\t\t\t\t\t\t\t<li class=\"elementor-icon-list-item\">\n\t\t\t\t\t\t\t\t\t\t\t<span class=\"elementor-icon-list-icon\">\n\t\t\t\t\t\t\t<svg xmlns=\"http:\/\/www.w3.org\/2000\/svg\" width=\"9\" height=\"12\" viewbox=\"0 0 9 12\" fill=\"none\"><path d=\"M8.48528 5.65685L2.82842 11.3137L0 8.48528L2.82842 5.65685L0 2.82843L2.82842 0L8.48528 5.65685Z\" fill=\"#FF7900\"><\/path><\/svg>\t\t\t\t\t\t<\/span>\n\t\t\t\t\t\t\t\t\t\t<span class=\"elementor-icon-list-text\">Wide choice of locations that we can help you with, so you can select the best fit for your business.<\/span>\n\t\t\t\t\t\t\t\t\t<\/li>\n\t\t\t\t\t\t\t\t<li class=\"elementor-icon-list-item\">\n\t\t\t\t\t\t\t\t\t\t\t<span class=\"elementor-icon-list-icon\">\n\t\t\t\t\t\t\t<svg xmlns=\"http:\/\/www.w3.org\/2000\/svg\" width=\"9\" height=\"12\" viewbox=\"0 0 9 12\" fill=\"none\"><path d=\"M8.48528 5.65685L2.82842 11.3137L0 8.48528L2.82842 5.65685L0 2.82843L2.82842 0L8.48528 5.65685Z\" fill=\"#FF7900\"><\/path><\/svg>\t\t\t\t\t\t<\/span>\n\t\t\t\t\t\t\t\t\t\t<span class=\"elementor-icon-list-text\">Cost optimization services for various locations.<\/span>\n\t\t\t\t\t\t\t\t\t<\/li>\n\t\t\t\t\t\t\t\t<li class=\"elementor-icon-list-item\">\n\t\t\t\t\t\t\t\t\t\t\t<span class=\"elementor-icon-list-icon\">\n\t\t\t\t\t\t\t<svg xmlns=\"http:\/\/www.w3.org\/2000\/svg\" width=\"9\" height=\"12\" viewbox=\"0 0 9 12\" fill=\"none\"><path d=\"M8.48528 5.65685L2.82842 11.3137L0 8.48528L2.82842 5.65685L0 2.82843L2.82842 0L8.48528 5.65685Z\" fill=\"#FF7900\"><\/path><\/svg>\t\t\t\t\t\t<\/span>\n\t\t\t\t\t\t\t\t\t\t<span class=\"elementor-icon-list-text\">Hiring leaders which succeeded before in the local market.<\/span>\n\t\t\t\t\t\t\t\t\t<\/li>\n\t\t\t\t\t\t<\/ul>\n\t\t\t\t\t\t<\/div>\n\t\t\t\t<\/div>\n\t\t\t\t<\/div>\n\t\t\t\t\t<\/div>\n\t\t\t\t<\/div>\n\t\t\t\t<\/div>","protected":false},"excerpt":{"rendered":"<p>We build scalable tech for business future! Building Regional Offices and Relocation Let us fulfill your needs, find your ideal location, and build a new Software development center for your company anywhere. If you need a fantastic Research &amp; Development center or any type of regional office, or perhaps to relocate your team elsewhere &#8211; [&hellip;]<\/p>\n","protected":false},"author":4,"featured_media":0,"parent":0,"menu_order":0,"comment_status":"closed","ping_status":"closed","template":"elementor_header_footer","meta":{"_acf_changed":false,"nf_dc_page":"","content-type":"","footnotes":""},"class_list":["post-4297","page","type-page","status-publish","hentry"],"acf":[],"yoast_head":"<!-- This site is optimized with the Yoast SEO plugin v27.4 - https:\/\/yoast.com\/product\/yoast-seo-wordpress\/ -->\n<title>Building Offices - TechBiz Global<\/title>\n<meta name=\"robots\" content=\"index, follow, max-snippet:-1, max-image-preview:large, max-video-preview:-1\" \/>\n<link rel=\"canonical\" href=\"https:\/\/techbiz.global\/de\/building-offices\/\" \/>\n<meta property=\"og:locale\" content=\"de_DE\" \/>\n<meta property=\"og:type\" content=\"article\" \/>\n<meta property=\"og:title\" content=\"Building Offices - TechBiz Global\" \/>\n<meta property=\"og:description\" content=\"We build scalable tech for business future! Building Regional Offices and Relocation Let us fulfill your needs, find your ideal location, and build a new Software development center for your company anywhere. If you need a fantastic Research &amp; Development center or any type of regional office, or perhaps to relocate your team elsewhere &#8211; [&hellip;]\" \/>\n<meta property=\"og:url\" content=\"https:\/\/techbiz.global\/de\/building-offices\/\" \/>\n<meta property=\"og:site_name\" content=\"TechBiz Global\" \/>\n<meta property=\"article:modified_time\" content=\"2024-01-12T14:38:07+00:00\" \/>\n<meta property=\"og:image\" content=\"https:\/\/techbiz.global\/wp-content\/uploads\/2022\/11\/Offices_.svg\" \/>\n<meta name=\"twitter:card\" content=\"summary_large_image\" \/>\n<meta name=\"twitter:label1\" content=\"Gesch\u00e4tzte Lesezeit\" \/>\n\t<meta name=\"twitter:data1\" content=\"2\u00a0Minuten\" \/>\n<script type=\"application\/ld+json\" class=\"yoast-schema-graph\">{\"@context\":\"https:\\\/\\\/schema.org\",\"@graph\":[{\"@type\":\"WebPage\",\"@id\":\"https:\\\/\\\/techbiz.global\\\/building-offices\\\/\",\"url\":\"https:\\\/\\\/techbiz.global\\\/building-offices\\\/\",\"name\":\"Building Offices - TechBiz Global\",\"isPartOf\":{\"@id\":\"https:\\\/\\\/techbiz.global\\\/#website\"},\"primaryImageOfPage\":{\"@id\":\"https:\\\/\\\/techbiz.global\\\/building-offices\\\/#primaryimage\"},\"image\":{\"@id\":\"https:\\\/\\\/techbiz.global\\\/building-offices\\\/#primaryimage\"},\"thumbnailUrl\":\"https:\\\/\\\/techbiz.global\\\/wp-content\\\/uploads\\\/2022\\\/11\\\/Offices_.svg\",\"datePublished\":\"2022-11-18T21:42:23+00:00\",\"dateModified\":\"2024-01-12T14:38:07+00:00\",\"breadcrumb\":{\"@id\":\"https:\\\/\\\/techbiz.global\\\/building-offices\\\/#breadcrumb\"},\"inLanguage\":\"de\",\"potentialAction\":[{\"@type\":\"ReadAction\",\"target\":[\"https:\\\/\\\/techbiz.global\\\/building-offices\\\/\"]}]},{\"@type\":\"ImageObject\",\"inLanguage\":\"de\",\"@id\":\"https:\\\/\\\/techbiz.global\\\/building-offices\\\/#primaryimage\",\"url\":\"https:\\\/\\\/techbiz.global\\\/wp-content\\\/uploads\\\/2022\\\/11\\\/Offices_.svg\",\"contentUrl\":\"https:\\\/\\\/techbiz.global\\\/wp-content\\\/uploads\\\/2022\\\/11\\\/Offices_.svg\"},{\"@type\":\"BreadcrumbList\",\"@id\":\"https:\\\/\\\/techbiz.global\\\/building-offices\\\/#breadcrumb\",\"itemListElement\":[{\"@type\":\"ListItem\",\"position\":1,\"name\":\"Home\",\"item\":\"https:\\\/\\\/techbiz.global\\\/\"},{\"@type\":\"ListItem\",\"position\":2,\"name\":\"Building Offices\"}]},{\"@type\":\"WebSite\",\"@id\":\"https:\\\/\\\/techbiz.global\\\/#website\",\"url\":\"https:\\\/\\\/techbiz.global\\\/\",\"name\":\"TechBiz Global\",\"description\":\"Powering Teams with Best IT Talents and Software Solutions!\",\"potentialAction\":[{\"@type\":\"SearchAction\",\"target\":{\"@type\":\"EntryPoint\",\"urlTemplate\":\"https:\\\/\\\/techbiz.global\\\/?s={search_term_string}\"},\"query-input\":{\"@type\":\"PropertyValueSpecification\",\"valueRequired\":true,\"valueName\":\"search_term_string\"}}],\"inLanguage\":\"de\"}]}<\/script>\n<!-- \/ Yoast SEO plugin. -->","yoast_head_json":{"title":"Building Offices - TechBiz Global","robots":{"index":"index","follow":"follow","max-snippet":"max-snippet:-1","max-image-preview":"max-image-preview:large","max-video-preview":"max-video-preview:-1"},"canonical":"https:\/\/techbiz.global\/de\/building-offices\/","og_locale":"de_DE","og_type":"article","og_title":"Building Offices - TechBiz Global","og_description":"We build scalable tech for business future! Building Regional Offices and Relocation Let us fulfill your needs, find your ideal location, and build a new Software development center for your company anywhere. If you need a fantastic Research &amp; Development center or any type of regional office, or perhaps to relocate your team elsewhere &#8211; [&hellip;]","og_url":"https:\/\/techbiz.global\/de\/building-offices\/","og_site_name":"TechBiz Global","article_modified_time":"2024-01-12T14:38:07+00:00","og_image":[{"url":"https:\/\/techbiz.global\/wp-content\/uploads\/2022\/11\/Offices_.svg","type":"","width":"","height":""}],"twitter_card":"summary_large_image","twitter_misc":{"Gesch\u00e4tzte Lesezeit":"2\u00a0Minuten"},"schema":{"@context":"https:\/\/schema.org","@graph":[{"@type":"WebPage","@id":"https:\/\/techbiz.global\/building-offices\/","url":"https:\/\/techbiz.global\/building-offices\/","name":"Building Offices - TechBiz Global","isPartOf":{"@id":"https:\/\/techbiz.global\/#website"},"primaryImageOfPage":{"@id":"https:\/\/techbiz.global\/building-offices\/#primaryimage"},"image":{"@id":"https:\/\/techbiz.global\/building-offices\/#primaryimage"},"thumbnailUrl":"https:\/\/techbiz.global\/wp-content\/uploads\/2022\/11\/Offices_.svg","datePublished":"2022-11-18T21:42:23+00:00","dateModified":"2024-01-12T14:38:07+00:00","breadcrumb":{"@id":"https:\/\/techbiz.global\/building-offices\/#breadcrumb"},"inLanguage":"de","potentialAction":[{"@type":"ReadAction","target":["https:\/\/techbiz.global\/building-offices\/"]}]},{"@type":"ImageObject","inLanguage":"de","@id":"https:\/\/techbiz.global\/building-offices\/#primaryimage","url":"https:\/\/techbiz.global\/wp-content\/uploads\/2022\/11\/Offices_.svg","contentUrl":"https:\/\/techbiz.global\/wp-content\/uploads\/2022\/11\/Offices_.svg"},{"@type":"BreadcrumbList","@id":"https:\/\/techbiz.global\/building-offices\/#breadcrumb","itemListElement":[{"@type":"ListItem","position":1,"name":"Home","item":"https:\/\/techbiz.global\/"},{"@type":"ListItem","position":2,"name":"Building Offices"}]},{"@type":"WebSite","@id":"https:\/\/techbiz.global\/#website","url":"https:\/\/techbiz.global\/","name":"TechBiz Global","description":"Powering Teams with Best IT Talents and Software Solutions!","potentialAction":[{"@type":"SearchAction","target":{"@type":"EntryPoint","urlTemplate":"https:\/\/techbiz.global\/?s={search_term_string}"},"query-input":{"@type":"PropertyValueSpecification","valueRequired":true,"valueName":"search_term_string"}}],"inLanguage":"de"}]}},"_links":{"self":[{"href":"https:\/\/techbiz.global\/de\/wp-json\/wp\/v2\/pages\/4297","targetHints":{"allow":["GET"]}}],"collection":[{"href":"https:\/\/techbiz.global\/de\/wp-json\/wp\/v2\/pages"}],"about":[{"href":"https:\/\/techbiz.global\/de\/wp-json\/wp\/v2\/types\/page"}],"author":[{"embeddable":true,"href":"https:\/\/techbiz.global\/de\/wp-json\/wp\/v2\/users\/4"}],"replies":[{"embeddable":true,"href":"https:\/\/techbiz.global\/de\/wp-json\/wp\/v2\/comments?post=4297"}],"version-history":[{"count":5,"href":"https:\/\/techbiz.global\/de\/wp-json\/wp\/v2\/pages\/4297\/revisions"}],"predecessor-version":[{"id":6406,"href":"https:\/\/techbiz.global\/de\/wp-json\/wp\/v2\/pages\/4297\/revisions\/6406"}],"wp:attachment":[{"href":"https:\/\/techbiz.global\/de\/wp-json\/wp\/v2\/media?parent=4297"}],"curies":[{"name":"wp","href":"https:\/\/api.w.org\/{rel}","templated":true}]}}