{"id":4156,"date":"2022-11-18T20:38:43","date_gmt":"2022-11-18T18:38:43","guid":{"rendered":"https:\/\/techbiz.global\/?page_id=4156"},"modified":"2024-01-12T17:12:45","modified_gmt":"2024-01-12T15:12:45","slug":"tech-recruitment","status":"publish","type":"page","link":"https:\/\/techbiz.global\/de\/tech-recruitment\/","title":{"rendered":"Tech-Recruiting"},"content":{"rendered":"<div data-elementor-type=\"wp-page\" data-elementor-id=\"4156\" class=\"elementor elementor-4156\" data-elementor-post-type=\"page\">\n\t\t\t\t<div class=\"elementor-element elementor-element-6af2ad2 e-flex e-con-boxed e-con e-parent\" data-id=\"6af2ad2\" data-element_type=\"container\" data-e-type=\"container\">\n\t\t\t\t\t<div class=\"e-con-inner\">\n\t\t<div class=\"elementor-element elementor-element-c1ac90b e-con-full e-flex e-con e-child\" data-id=\"c1ac90b\" data-element_type=\"container\" data-e-type=\"container\">\n\t\t\t\t<div class=\"elementor-element elementor-element-9cdc546 elementor-widget elementor-widget-text-editor\" data-id=\"9cdc546\" data-element_type=\"widget\" data-e-type=\"widget\" data-widget_type=\"text-editor.default\">\n\t\t\t\t<div class=\"elementor-widget-container\">\n\t\t\t\t\t\t\t\t\tWir rekrutieren, schulen und stellen die besten Tech-Talente f\u00fcr Ihr Team bereit!\t\t\t\t\t\t\t\t<\/div>\n\t\t\t\t<\/div>\n\t\t\t\t<div class=\"elementor-element elementor-element-97f1839 elementor-widget elementor-widget-heading\" data-id=\"97f1839\" data-element_type=\"widget\" data-e-type=\"widget\" data-widget_type=\"heading.default\">\n\t\t\t\t<div class=\"elementor-widget-container\">\n\t\t\t\t\t<h1 class=\"elementor-heading-title elementor-size-default\">Tech-Recruiting<\/h1>\t\t\t\t<\/div>\n\t\t\t\t<\/div>\n\t\t\t\t<div class=\"elementor-element elementor-element-ee3625c elementor-widget elementor-widget-text-editor\" data-id=\"ee3625c\" data-element_type=\"widget\" data-e-type=\"widget\" data-widget_type=\"text-editor.default\">\n\t\t\t\t<div class=\"elementor-widget-container\">\n\t\t\t\t\t\t\t\t\t<p><span style=\"font-weight: 400;\">TechBiz Global Talent-Recruitment-Spezialisten sind stets bereit, Unternehmen dabei zu unterst\u00fctzen, die am besten geeigneten Kandidaten mit hoher Geschwindigkeit und Pr\u00e4zision zu finden. Unser Team von Recruitern erfasst und analysiert Ihre Anforderungen und Bed\u00fcrfnisse. Wir ber\u00fccksichtigen alle gro\u00dfen und kleinen Variablen, um optimale Ergebnisse zu erzielen!<\/span><\/p><p><strong>Wie kommt das?\u00a0<\/strong><\/p><ul><li><span style=\"font-weight: 400;\">Wir setzen unser internes Framework ein, um die Bed\u00fcrfnisse unserer Kunden genau zu verstehen und exzellente Rekrutierungsergebnisse zu erzielen. Dazu geh\u00f6ren unter anderem Sourcing, Screening, Terminplanung, Interviews und Assessments. So wird sichergestellt, dass die Kandidaten sowohl in ihren F\u00e4higkeiten als auch in ihrer Eignung f\u00fcr die jeweilige Unternehmenskultur und die vakante Position gr\u00fcndlich gepr\u00fcft werden.\u00a0<\/span><\/li><li><span style=\"font-weight: 400;\">Unsere Dienstleistungen beschr\u00e4nken sich nicht auf die Rekrutierung bestimmter Fachkompetenzen. Wir \u00fcbernehmen den gesamten Recruiting-Prozess f\u00fcr Softwareentwickler, Produktmanager, Datenexperten, Agile-Leader und weitere digitale Fachkr\u00e4fte, die Ihr Unternehmen beim Wachstum voranbringen.<\/span><\/li><li><span style=\"font-weight: 400;\">Dar\u00fcber hinaus \u00fcbernehmen wir Executive Search und finden F\u00fchrungskr\u00e4fte wie CTO, CPO, Head of IT, Engineering Manager, Team Leads oder andere hochrangige Fachkr\u00e4fte \u2013 um Ihr Management-Team zum Erfolg zu f\u00fchren.<\/span><\/li><li><span style=\"font-weight: 400;\">Dank unseres internationalen Recruiting-Teams, das unter anderem in Polen, D\u00e4nemark und Usbekistan ans\u00e4ssig ist, haben wir Zugang zu Talentpools auf verschiedenen Kontinenten.\u00a0<\/span><\/li><\/ul><p><span style=\"font-weight: 400;\">So, no matter your location, we can have you covered!<\/span><\/p>\t\t\t\t\t\t\t\t<\/div>\n\t\t\t\t<\/div>\n\t\t\t\t<div class=\"elementor-element elementor-element-015ebac elementor-widget elementor-widget-button\" data-id=\"015ebac\" data-element_type=\"widget\" data-e-type=\"widget\" data-widget_type=\"button.default\">\n\t\t\t\t<div class=\"elementor-widget-container\">\n\t\t\t\t\t\t\t\t\t<div class=\"elementor-button-wrapper\">\n\t\t\t\t\t<a class=\"elementor-button elementor-button-link elementor-size-sm\" href=\"https:\/\/techbiz.global\/de\/customer-contact-form\/\">\n\t\t\t\t\t\t<span class=\"elementor-button-content-wrapper\">\n\t\t\t\t\t\t\t\t\t<span class=\"elementor-button-text\">Kontaktieren Sie uns<\/span>\n\t\t\t\t\t<\/span>\n\t\t\t\t\t<\/a>\n\t\t\t\t<\/div>\n\t\t\t\t\t\t\t\t<\/div>\n\t\t\t\t<\/div>\n\t\t\t\t<\/div>\n\t\t<div class=\"elementor-element elementor-element-8cbe9f8 e-con-full e-flex e-con e-child\" data-id=\"8cbe9f8\" data-element_type=\"container\" data-e-type=\"container\">\n\t\t\t\t<div class=\"elementor-element elementor-element-18b0d86 elementor-widget elementor-widget-image\" data-id=\"18b0d86\" data-element_type=\"widget\" data-e-type=\"widget\" data-widget_type=\"image.default\">\n\t\t\t\t<div class=\"elementor-widget-container\">\n\t\t\t\t\t\t\t\t\t\t\t\t\t\t\t<img fetchpriority=\"high\" decoding=\"async\" width=\"800\" height=\"630\" src=\"https:\/\/techbiz.global\/wp-content\/uploads\/2022\/12\/Tech_Recruitment_Face.svg\" class=\"attachment-full size-full wp-image-5432\" alt=\"\" \/>\t\t\t\t\t\t\t\t\t\t\t\t\t\t\t<\/div>\n\t\t\t\t<\/div>\n\t\t\t\t<\/div>\n\t\t\t\t\t<\/div>\n\t\t\t\t<\/div>\n\t\t<div class=\"elementor-element elementor-element-e90511b e-flex e-con-boxed e-con e-parent\" data-id=\"e90511b\" data-element_type=\"container\" data-e-type=\"container\">\n\t\t\t\t\t<div class=\"e-con-inner\">\n\t\t<div class=\"elementor-element elementor-element-9f77fcd e-con-full e-flex e-con e-child\" data-id=\"9f77fcd\" data-element_type=\"container\" data-e-type=\"container\" data-settings=\"{&quot;background_background&quot;:&quot;classic&quot;}\">\n\t\t\t\t<div class=\"elementor-element elementor-element-9e6a96f elementor-widget__width-initial elementor-widget elementor-widget-heading\" data-id=\"9e6a96f\" data-element_type=\"widget\" data-e-type=\"widget\" data-widget_type=\"heading.default\">\n\t\t\t\t<div class=\"elementor-widget-container\">\n\t\t\t\t\t<h2 class=\"elementor-heading-title elementor-size-default\">Vorteile der Tech-Rekrutierungsdienstleistungen<\/h2>\t\t\t\t<\/div>\n\t\t\t\t<\/div>\n\t\t\t\t<div class=\"elementor-element elementor-element-3b6ff0e elementor-icon-list--layout-traditional elementor-list-item-link-full_width elementor-widget elementor-widget-icon-list\" data-id=\"3b6ff0e\" data-element_type=\"widget\" data-e-type=\"widget\" data-widget_type=\"icon-list.default\">\n\t\t\t\t<div class=\"elementor-widget-container\">\n\t\t\t\t\t\t\t<ul class=\"elementor-icon-list-items\">\n\t\t\t\t\t\t\t<li class=\"elementor-icon-list-item\">\n\t\t\t\t\t\t\t\t\t\t\t<span class=\"elementor-icon-list-icon\">\n\t\t\t\t\t\t\t<svg xmlns=\"http:\/\/www.w3.org\/2000\/svg\" width=\"9\" height=\"12\" viewbox=\"0 0 9 12\" fill=\"none\"><path d=\"M8.48528 5.65685L2.82842 11.3137L0 8.48528L2.82842 5.65685L0 2.82843L2.82842 0L8.48528 5.65685Z\" fill=\"#FF7900\"><\/path><\/svg>\t\t\t\t\t\t<\/span>\n\t\t\t\t\t\t\t\t\t\t<span class=\"elementor-icon-list-text\">Zugang zu f\u00fchrenden IT-Ingenieuren, Managern und weiteren Spezialisten, um Ihre Projekte erfolgreich umzusetzen.<\/span>\n\t\t\t\t\t\t\t\t\t<\/li>\n\t\t\t\t\t\t\t\t<li class=\"elementor-icon-list-item\">\n\t\t\t\t\t\t\t\t\t\t\t<span class=\"elementor-icon-list-icon\">\n\t\t\t\t\t\t\t<svg xmlns=\"http:\/\/www.w3.org\/2000\/svg\" width=\"9\" height=\"12\" viewbox=\"0 0 9 12\" fill=\"none\"><path d=\"M8.48528 5.65685L2.82842 11.3137L0 8.48528L2.82842 5.65685L0 2.82843L2.82842 0L8.48528 5.65685Z\" fill=\"#FF7900\"><\/path><\/svg>\t\t\t\t\t\t<\/span>\n\t\t\t\t\t\t\t\t\t\t<span class=\"elementor-icon-list-text\">Wir stellen Ihnen einen Account Manager zur Seite, der den Recruiting-Prozess gemeinsam mit Ihnen bis zur erfolgreichen Besetzung begleitet.<\/span>\n\t\t\t\t\t\t\t\t\t<\/li>\n\t\t\t\t\t\t\t\t<li class=\"elementor-icon-list-item\">\n\t\t\t\t\t\t\t\t\t\t\t<span class=\"elementor-icon-list-icon\">\n\t\t\t\t\t\t\t<svg xmlns=\"http:\/\/www.w3.org\/2000\/svg\" width=\"9\" height=\"12\" viewbox=\"0 0 9 12\" fill=\"none\"><path d=\"M8.48528 5.65685L2.82842 11.3137L0 8.48528L2.82842 5.65685L0 2.82843L2.82842 0L8.48528 5.65685Z\" fill=\"#FF7900\"><\/path><\/svg>\t\t\t\t\t\t<\/span>\n\t\t\t\t\t\t\t\t\t\t<span class=\"elementor-icon-list-text\">Erhalten Sie Echtzeit-Statusupdates, w\u00f6chentliche Berichte und bei Bedarf alle Leistungskennzahlen.<\/span>\n\t\t\t\t\t\t\t\t\t<\/li>\n\t\t\t\t\t\t\t\t<li class=\"elementor-icon-list-item\">\n\t\t\t\t\t\t\t\t\t\t\t<span class=\"elementor-icon-list-icon\">\n\t\t\t\t\t\t\t<svg xmlns=\"http:\/\/www.w3.org\/2000\/svg\" width=\"9\" height=\"12\" viewbox=\"0 0 9 12\" fill=\"none\"><path d=\"M8.48528 5.65685L2.82842 11.3137L0 8.48528L2.82842 5.65685L0 2.82843L2.82842 0L8.48528 5.65685Z\" fill=\"#FF7900\"><\/path><\/svg>\t\t\t\t\t\t<\/span>\n\t\t\t\t\t\t\t\t\t\t<span class=\"elementor-icon-list-text\">Erhalten Sie Zugang zu verschiedenen M\u00e4rkten und Talentpools weltweit.<\/span>\n\t\t\t\t\t\t\t\t\t<\/li>\n\t\t\t\t\t\t\t\t<li class=\"elementor-icon-list-item\">\n\t\t\t\t\t\t\t\t\t\t\t<span class=\"elementor-icon-list-icon\">\n\t\t\t\t\t\t\t<svg xmlns=\"http:\/\/www.w3.org\/2000\/svg\" width=\"9\" height=\"12\" viewbox=\"0 0 9 12\" fill=\"none\"><path d=\"M8.48528 5.65685L2.82842 11.3137L0 8.48528L2.82842 5.65685L0 2.82843L2.82842 0L8.48528 5.65685Z\" fill=\"#FF7900\"><\/path><\/svg>\t\t\t\t\t\t<\/span>\n\t\t\t\t\t\t\t\t\t\t<span class=\"elementor-icon-list-text\">W\u00e4hrend wir uns um das Recruiting k\u00fcmmern, k\u00f6nnen Sie Ihre Zeit in andere gesch\u00e4ftliche Aktivit\u00e4ten investieren, die Ihre Aufmerksamkeit erfordern.<\/span>\n\t\t\t\t\t\t\t\t\t<\/li>\n\t\t\t\t\t\t<\/ul>\n\t\t\t\t\t\t<\/div>\n\t\t\t\t<\/div>\n\t\t\t\t<\/div>\n\t\t\t\t\t<\/div>\n\t\t\t\t<\/div>\n\t\t\t\t<\/div>","protected":false},"excerpt":{"rendered":"<p>We hire, train and provide the best tech talent for your team! Tech Recruitment TechBiz Global talent recruitment specialists are always ready to help businesses find the most suitable candidates with good speed and accuracy. Our team of recruiters will collect and analyze your requirements and needs. We will consider all large and small variables [&hellip;]<\/p>\n","protected":false},"author":4,"featured_media":0,"parent":0,"menu_order":0,"comment_status":"closed","ping_status":"closed","template":"elementor_header_footer","meta":{"_acf_changed":false,"nf_dc_page":"","content-type":"","footnotes":""},"class_list":["post-4156","page","type-page","status-publish","hentry"],"acf":[],"yoast_head":"<!-- This site is optimized with the Yoast SEO plugin v27.4 - https:\/\/yoast.com\/product\/yoast-seo-wordpress\/ -->\n<title>Tech Recruitment - TechBiz Global<\/title>\n<meta name=\"description\" content=\"TechBiz Global talent recruitment specialists are always ready to help businesses find the most suitable candidates with good speed and accuracy.\" \/>\n<meta name=\"robots\" content=\"index, follow, max-snippet:-1, max-image-preview:large, max-video-preview:-1\" \/>\n<link rel=\"canonical\" href=\"https:\/\/techbiz.global\/de\/tech-recruitment\/\" \/>\n<meta property=\"og:locale\" content=\"de_DE\" \/>\n<meta property=\"og:type\" content=\"article\" \/>\n<meta property=\"og:title\" content=\"Tech Recruitment - TechBiz Global\" \/>\n<meta property=\"og:description\" content=\"TechBiz Global talent recruitment specialists are always ready to help businesses find the most suitable candidates with good speed and accuracy.\" \/>\n<meta property=\"og:url\" content=\"https:\/\/techbiz.global\/de\/tech-recruitment\/\" \/>\n<meta property=\"og:site_name\" content=\"TechBiz Global\" \/>\n<meta property=\"article:modified_time\" content=\"2024-01-12T15:12:45+00:00\" \/>\n<meta property=\"og:image\" content=\"https:\/\/techbiz.global\/wp-content\/uploads\/2022\/12\/Tech_Recruitment_Face.svg\" \/>\n<meta name=\"twitter:card\" content=\"summary_large_image\" \/>\n<meta name=\"twitter:label1\" content=\"Gesch\u00e4tzte Lesezeit\" \/>\n\t<meta name=\"twitter:data1\" content=\"2\u00a0Minuten\" \/>\n<script type=\"application\/ld+json\" class=\"yoast-schema-graph\">{\"@context\":\"https:\\\/\\\/schema.org\",\"@graph\":[{\"@type\":\"WebPage\",\"@id\":\"https:\\\/\\\/techbiz.global\\\/tech-recruitment\\\/\",\"url\":\"https:\\\/\\\/techbiz.global\\\/tech-recruitment\\\/\",\"name\":\"Tech Recruitment - TechBiz Global\",\"isPartOf\":{\"@id\":\"https:\\\/\\\/techbiz.global\\\/#website\"},\"primaryImageOfPage\":{\"@id\":\"https:\\\/\\\/techbiz.global\\\/tech-recruitment\\\/#primaryimage\"},\"image\":{\"@id\":\"https:\\\/\\\/techbiz.global\\\/tech-recruitment\\\/#primaryimage\"},\"thumbnailUrl\":\"https:\\\/\\\/techbiz.global\\\/wp-content\\\/uploads\\\/2022\\\/12\\\/Tech_Recruitment_Face.svg\",\"datePublished\":\"2022-11-18T18:38:43+00:00\",\"dateModified\":\"2024-01-12T15:12:45+00:00\",\"description\":\"TechBiz Global talent recruitment specialists are always ready to help businesses find the most suitable candidates with good speed and accuracy.\",\"breadcrumb\":{\"@id\":\"https:\\\/\\\/techbiz.global\\\/tech-recruitment\\\/#breadcrumb\"},\"inLanguage\":\"de\",\"potentialAction\":[{\"@type\":\"ReadAction\",\"target\":[\"https:\\\/\\\/techbiz.global\\\/tech-recruitment\\\/\"]}]},{\"@type\":\"ImageObject\",\"inLanguage\":\"de\",\"@id\":\"https:\\\/\\\/techbiz.global\\\/tech-recruitment\\\/#primaryimage\",\"url\":\"https:\\\/\\\/techbiz.global\\\/wp-content\\\/uploads\\\/2022\\\/12\\\/Tech_Recruitment_Face.svg\",\"contentUrl\":\"https:\\\/\\\/techbiz.global\\\/wp-content\\\/uploads\\\/2022\\\/12\\\/Tech_Recruitment_Face.svg\"},{\"@type\":\"BreadcrumbList\",\"@id\":\"https:\\\/\\\/techbiz.global\\\/tech-recruitment\\\/#breadcrumb\",\"itemListElement\":[{\"@type\":\"ListItem\",\"position\":1,\"name\":\"Home\",\"item\":\"https:\\\/\\\/techbiz.global\\\/\"},{\"@type\":\"ListItem\",\"position\":2,\"name\":\"Tech Recruitment\"}]},{\"@type\":\"WebSite\",\"@id\":\"https:\\\/\\\/techbiz.global\\\/#website\",\"url\":\"https:\\\/\\\/techbiz.global\\\/\",\"name\":\"TechBiz Global\",\"description\":\"Powering Teams with Best IT Talents and Software Solutions!\",\"potentialAction\":[{\"@type\":\"SearchAction\",\"target\":{\"@type\":\"EntryPoint\",\"urlTemplate\":\"https:\\\/\\\/techbiz.global\\\/?s={search_term_string}\"},\"query-input\":{\"@type\":\"PropertyValueSpecification\",\"valueRequired\":true,\"valueName\":\"search_term_string\"}}],\"inLanguage\":\"de\"}]}<\/script>\n<!-- \/ Yoast SEO plugin. -->","yoast_head_json":{"title":"Tech Recruitment - TechBiz Global","description":"TechBiz Global talent recruitment specialists are always ready to help businesses find the most suitable candidates with good speed and accuracy.","robots":{"index":"index","follow":"follow","max-snippet":"max-snippet:-1","max-image-preview":"max-image-preview:large","max-video-preview":"max-video-preview:-1"},"canonical":"https:\/\/techbiz.global\/de\/tech-recruitment\/","og_locale":"de_DE","og_type":"article","og_title":"Tech Recruitment - TechBiz Global","og_description":"TechBiz Global talent recruitment specialists are always ready to help businesses find the most suitable candidates with good speed and accuracy.","og_url":"https:\/\/techbiz.global\/de\/tech-recruitment\/","og_site_name":"TechBiz Global","article_modified_time":"2024-01-12T15:12:45+00:00","og_image":[{"url":"https:\/\/techbiz.global\/wp-content\/uploads\/2022\/12\/Tech_Recruitment_Face.svg","type":"","width":"","height":""}],"twitter_card":"summary_large_image","twitter_misc":{"Gesch\u00e4tzte Lesezeit":"2\u00a0Minuten"},"schema":{"@context":"https:\/\/schema.org","@graph":[{"@type":"WebPage","@id":"https:\/\/techbiz.global\/tech-recruitment\/","url":"https:\/\/techbiz.global\/tech-recruitment\/","name":"Tech Recruitment - TechBiz Global","isPartOf":{"@id":"https:\/\/techbiz.global\/#website"},"primaryImageOfPage":{"@id":"https:\/\/techbiz.global\/tech-recruitment\/#primaryimage"},"image":{"@id":"https:\/\/techbiz.global\/tech-recruitment\/#primaryimage"},"thumbnailUrl":"https:\/\/techbiz.global\/wp-content\/uploads\/2022\/12\/Tech_Recruitment_Face.svg","datePublished":"2022-11-18T18:38:43+00:00","dateModified":"2024-01-12T15:12:45+00:00","description":"TechBiz Global talent recruitment specialists are always ready to help businesses find the most suitable candidates with good speed and accuracy.","breadcrumb":{"@id":"https:\/\/techbiz.global\/tech-recruitment\/#breadcrumb"},"inLanguage":"de","potentialAction":[{"@type":"ReadAction","target":["https:\/\/techbiz.global\/tech-recruitment\/"]}]},{"@type":"ImageObject","inLanguage":"de","@id":"https:\/\/techbiz.global\/tech-recruitment\/#primaryimage","url":"https:\/\/techbiz.global\/wp-content\/uploads\/2022\/12\/Tech_Recruitment_Face.svg","contentUrl":"https:\/\/techbiz.global\/wp-content\/uploads\/2022\/12\/Tech_Recruitment_Face.svg"},{"@type":"BreadcrumbList","@id":"https:\/\/techbiz.global\/tech-recruitment\/#breadcrumb","itemListElement":[{"@type":"ListItem","position":1,"name":"Home","item":"https:\/\/techbiz.global\/"},{"@type":"ListItem","position":2,"name":"Tech Recruitment"}]},{"@type":"WebSite","@id":"https:\/\/techbiz.global\/#website","url":"https:\/\/techbiz.global\/","name":"TechBiz Global","description":"Powering Teams with Best IT Talents and Software Solutions!","potentialAction":[{"@type":"SearchAction","target":{"@type":"EntryPoint","urlTemplate":"https:\/\/techbiz.global\/?s={search_term_string}"},"query-input":{"@type":"PropertyValueSpecification","valueRequired":true,"valueName":"search_term_string"}}],"inLanguage":"de"}]}},"_links":{"self":[{"href":"https:\/\/techbiz.global\/de\/wp-json\/wp\/v2\/pages\/4156","targetHints":{"allow":["GET"]}}],"collection":[{"href":"https:\/\/techbiz.global\/de\/wp-json\/wp\/v2\/pages"}],"about":[{"href":"https:\/\/techbiz.global\/de\/wp-json\/wp\/v2\/types\/page"}],"author":[{"embeddable":true,"href":"https:\/\/techbiz.global\/de\/wp-json\/wp\/v2\/users\/4"}],"replies":[{"embeddable":true,"href":"https:\/\/techbiz.global\/de\/wp-json\/wp\/v2\/comments?post=4156"}],"version-history":[{"count":5,"href":"https:\/\/techbiz.global\/de\/wp-json\/wp\/v2\/pages\/4156\/revisions"}],"predecessor-version":[{"id":6419,"href":"https:\/\/techbiz.global\/de\/wp-json\/wp\/v2\/pages\/4156\/revisions\/6419"}],"wp:attachment":[{"href":"https:\/\/techbiz.global\/de\/wp-json\/wp\/v2\/media?parent=4156"}],"curies":[{"name":"wp","href":"https:\/\/api.w.org\/{rel}","templated":true}]}}